{"id":788,"date":"2017-12-26T22:25:54","date_gmt":"2017-12-26T21:25:54","guid":{"rendered":"http:\/\/iesnavarrovilloslada.educacion.navarra.es\/web\/?page_id=788"},"modified":"2022-02-01T12:52:44","modified_gmt":"2022-02-01T11:52:44","slug":"piensas-que-el-bi-es-para-ti","status":"publish","type":"page","link":"https:\/\/iesnavarrovilloslada.educacion.navarra.es\/web\/piensas-que-el-bi-es-para-ti\/","title":{"rendered":"\u00bfPiensas que el Programa del Diploma del IB es para ti?"},"content":{"rendered":"<div>El Programa del Diploma del IB (International Baccalaureate o Bachillerato Internacional) es un completo programa formativo que utiliza metodolog\u00edas activas y proporciona un conjunto de habilidades que facilitan la transici\u00f3n a los estudios universitarios y tienen considerables beneficios a medio y largo plazo. Si quieres prepararte con profundidad para la universidad, no te conformas con aprender de memoria, te gusta explorar, a tu capacidad le a\u00f1ades esfuerzo y quieres abrirte v\u00edas alternativas de acceso a la universidad, este programa puede encajarte muy bien.<\/div>\n<p>Para ayudarte a tomar una decisi\u00f3n, te presentamos <strong>dos v\u00eddeos<\/strong> realizados por alumnado y profesorado de CAS del IB. En ellos puedes escuchar a alumnado y familias de las primeras promociones.<\/p>\n<p>En el primer v\u00eddeo, conocer\u00e1s las respuestas que dan alumnos y alumnas de las dos primeras promociones a las siguientes preguntas:<\/p>\n<p>1.- Durante los dos a\u00f1os del Programa del Diploma del IB \u00bfqu\u00e9 aspectos positivos destacar\u00edas?<br \/>\n2.- \u00bfQu\u00e9 dificultades encontraste?<br \/>\n3.- Ahora que est\u00e1s en la universidad \u00bfqu\u00e9 te ha aportando, tanto acad\u00e9mica como personalmente?<br \/>\n4.- \u00bfQu\u00e9 consejo dar\u00edas a un alumno que se est\u00e1 pensando elegir el IB?<br \/>\n5.- \u00bfHa merecido la pena?<\/p>\n<div>\n<p><a href=\"https:\/\/vimeo.com\/252361067\">https:\/\/vimeo.com\/252361067<\/a><\/p>\n<\/div>\n<div>\u00a0En el segundo v\u00eddeo, las familias opinan:<\/div>\n<div><iframe src=\"https:\/\/player.vimeo.com\/video\/263824265?title=0&amp;byline=0&amp;portrait=0\" width=\"640\" height=\"360\" frameborder=\"0\" allowfullscreen=\"allowfullscreen\"><\/iframe><a href=\"https:\/\/vimeo.com\/263824265\">Padres IB_<\/a> from <a href=\"https:\/\/vimeo.com\/user79340472\">BI CAS<\/a> on <a href=\"https:\/\/vimeo.com\">Vimeo<\/a>.<\/p>\n<\/div>\n<h3>\u00bfQu\u00e9 desarrolla el Programa del Diploma del IB?<\/h3>\n<p><span style=\"font-weight: 400;\">El Programa del Diploma ofrece y permite desarrollar:<\/span><\/p>\n<ul>\n<li style=\"font-weight: 400;\"><span style=\"font-weight: 400;\">un fuerte compromiso con el aprendizaje<\/span><\/li>\n<li style=\"font-weight: 400;\"><span style=\"font-weight: 400;\">la capacidad de aprender de manera auto\u0301noma<\/span><\/li>\n<li style=\"font-weight: 400;\"><span style=\"font-weight: 400;\">amplitud y profundidad acad\u00e9mica<\/span><\/li>\n<li style=\"font-weight: 400;\"><span style=\"font-weight: 400;\">la adquisicio\u0301n de habilidades de investigacio\u0301n<\/span><\/li>\n<li style=\"font-weight: 400;\"><span style=\"font-weight: 400;\">la adquisici\u00f3n de habilidades intelectuales: \u00a0an\u00e1lisis, conexi\u00f3n, reflexi\u00f3n, s\u00edntesis, evaluaci\u00f3n, cuestionamiento, razonamiento<\/span><\/li>\n<li style=\"font-weight: 400;\"><span style=\"font-weight: 400;\">la capacidad de pensamiento anali\u0301tico y cri\u0301tico<\/span><\/li>\n<li style=\"font-weight: 400;\"><span style=\"font-weight: 400;\">habilidades de organizaci\u00f3n eficaz del tiempo<\/span><\/li>\n<li style=\"font-weight: 400;\"><span style=\"font-weight: 400;\">el desarrollo de habilidades de expresio\u0301n oral y escrita avanzadas, en castellano y en ingl\u00e9s<\/span><\/li>\n<li style=\"font-weight: 400;\"><span style=\"font-weight: 400;\">experiencias educativas significativas, m\u00e1s all\u00e1 del entorno del aula, participando en actividades de servicio a la comunidad y voluntariado.<\/span><\/li>\n<\/ul>\n<p><span style=\"font-weight: 400;\">El Programa del Diploma supone un esfuerzo mayor que otros bachilleratos y conlleva un alto grado de motivaci\u00f3n junto con h\u00e1bitos de trabajo consolidados; \u00a0requiere tanto de una gesti\u00f3n eficaz del tiempo como de una s\u00f3lida capacidad de aprendizaje. Esto es as\u00ed porque algunas asignaturas se abordan con una \u00a0mayor profundidad: hay que elaborar un bueno n\u00famero de \u00a0trabajos escritos, disen\u0303ar pra\u0301cticas de laboratorio, llevar a cabo investigaciones y exploraciones en todas las \u00e1reas, etc.<\/span><\/p>\n<p>Sin embargo, este esfuerzo parece que se ve recompensado: a lo largo de los 30 a\u00f1os que lleva en centros p\u00fablicos y privados del pa\u00eds se ha observado que, adem\u00e1s de ofrecer una v\u00eda alternativa de acceso a la universidad, prepara mejor al alumnado para los estudios universitarios y que las universidades valoran este perfil de estudiante con alta capacidad para aprender y organizarse.<\/p>\n<p>Estos resultados son coherentes con investigaciones en el \u00e1mbito internacional. No solamente facilita la preparaci\u00f3n, sino que facilita el acceso a determinadas universidades. Consulta aqu\u00ed los detalles:\u00a0<a href=\"http:\/\/www.ibo.org\/es\/university-admission\/recognition-of-the-ib-diploma-by-countries-and-universities\/ib-diploma-compared-with-other-qualifications\/\" target=\"_blank\" rel=\"noopener\">http:\/\/www.ibo.org\/es\/university-admission\/recognition-of-the-ib-diploma-by-countries-and-universities\/ib-diploma-compared-with-other-qualifications\/\u00a0<\/a><\/p>\n<h3><\/h3>\n<h3><b>\u00bfQu\u00e9 han dicho otros alumnos de institutos p\u00fablicos espa\u00f1oles que han acabado el programa?<\/b><\/h3>\n<div><\/div>\n<div>Seg\u00fan el informe <strong>\u00abImplementaci\u00f3n e impacto del Programa del Diploma (PD) del Bachillerato Internacional (IB) en los colegios p\u00fablicos de Espa\u00f1a\u00bb<\/strong>, que ha realizado un equipo de la Universidad Complutense de Madrid a partir de cuestionarios y entrevistas a centros p\u00fablicos que ofrecen el PD, el alumnado sale bien preparado para la universidad y para la vida laboral:<\/div>\n<div><\/div>\n<div style=\"padding-left: 30px;\">\u00abLos exalumnos destacaron que haber completado el PD los prepar\u00f3 bien tanto para la universidad como para la vida laboral. Tanto los alumnos actuales como los exalumnos del PD se\u00f1alaron que al cursar el programa desarrollaron competencias espec\u00edficas, entre ellas gesti\u00f3n del tiempo, capacidad de investigaci\u00f3n, pensamiento cr\u00edtico, resoluci\u00f3n de problemas y habilidades de comunicaci\u00f3n.<\/div>\n<div style=\"padding-left: 30px;\">Los exalumnos del PD tambi\u00e9n recuerdan sus experiencias de aprendizaje en el programa como una educaci\u00f3n hol\u00edstica que incorpora competencias acad\u00e9micas y de otro tipo. Recibieron menci\u00f3n especial el curso de Teor\u00eda del Conocimiento (TdC), el componente de Creatividad, Actividad y Servicio (CAS) y las experiencias de investigaci\u00f3n (como los proyectos de investigaci\u00f3n y trabajos pr\u00e1cticos de laboratorio). Adem\u00e1s, se\u00f1alaron que la educaci\u00f3n del IB influy\u00f3 en las actitudes y destrezas necesarias para el aprendizaje durante toda su vida, como tambi\u00e9n en sus valores, convicciones y visi\u00f3n del mundo.\u201d (Valle et al., 2017, p.3)<\/div>\n<div><\/div>\n<div>Puedes consultar un resumen del estudio en:<\/div>\n<div><a href=\"http:\/\/www.ibo.org\/contentassets\/d1c0accb5b804676ae9e782b78c8bc1c\/dp_spanishschools_es.pdf\">http:\/\/www.ibo.org\/contentassets\/d1c0accb5b804676ae9e782b78c8bc1c\/dp_spanishschools_es.pdf<\/a><\/div>\n<div><\/div>\n<div><\/div>\n<div>El propio IB ofrece estas 10 razones:<\/div>\n<div><\/div>\n<div><a href=\"http:\/\/iesnavarrovilloslada.educacion.navarra.es\/web\/wp-content\/uploads\/2018\/01\/10razonesBI.jpg\"><img fetchpriority=\"high\" decoding=\"async\" data-attachment-id=\"882\" data-permalink=\"https:\/\/iesnavarrovilloslada.educacion.navarra.es\/web\/piensas-que-el-bi-es-para-ti\/10razonesbi\/\" data-orig-file=\"https:\/\/iesnavarrovilloslada.educacion.navarra.es\/web\/wp-content\/uploads\/2018\/01\/10razonesBI.jpg\" data-orig-size=\"527,724\" data-comments-opened=\"1\" data-image-meta=\"{&quot;aperture&quot;:&quot;0&quot;,&quot;credit&quot;:&quot;&quot;,&quot;camera&quot;:&quot;&quot;,&quot;caption&quot;:&quot;&quot;,&quot;created_timestamp&quot;:&quot;0&quot;,&quot;copyright&quot;:&quot;&quot;,&quot;focal_length&quot;:&quot;0&quot;,&quot;iso&quot;:&quot;0&quot;,&quot;shutter_speed&quot;:&quot;0&quot;,&quot;title&quot;:&quot;&quot;,&quot;orientation&quot;:&quot;1&quot;}\" data-image-title=\"10razonesBI\" data-image-description=\"\" data-image-caption=\"\" data-medium-file=\"https:\/\/iesnavarrovilloslada.educacion.navarra.es\/web\/wp-content\/uploads\/2018\/01\/10razonesBI-218x300.jpg\" data-large-file=\"https:\/\/iesnavarrovilloslada.educacion.navarra.es\/web\/wp-content\/uploads\/2018\/01\/10razonesBI.jpg\" class=\"alignleft size-full wp-image-882\" src=\"http:\/\/iesnavarrovilloslada.educacion.navarra.es\/web\/wp-content\/uploads\/2018\/01\/10razonesBI.jpg\" alt=\"\" width=\"527\" height=\"724\" srcset=\"https:\/\/iesnavarrovilloslada.educacion.navarra.es\/web\/wp-content\/uploads\/2018\/01\/10razonesBI.jpg 527w, https:\/\/iesnavarrovilloslada.educacion.navarra.es\/web\/wp-content\/uploads\/2018\/01\/10razonesBI-218x300.jpg 218w\" sizes=\"(max-width: 527px) 100vw, 527px\" \/><\/a><\/div>\n<div><\/div>\n<p>Esperamos que esta p\u00e1gina te haya ayudado a hacerte una idea sobre si encajas o no en el PD. Si tienes cualquier duda, ponte en contacto con nosotros.<\/p>\n","protected":false},"excerpt":{"rendered":"<p>El Programa del Diploma del IB (International Baccalaureate o Bachillerato Internacional) es un completo programa formativo que utiliza metodolog\u00edas activas y proporciona un conjunto de habilidades que facilitan la transici\u00f3n a los estudios universitarios y tienen considerables beneficios a medio y largo plazo. Si quieres prepararte con profundidad para la universidad, no te conformas con [&hellip;]<\/p>\n","protected":false},"author":1,"featured_media":0,"parent":0,"menu_order":0,"comment_status":"closed","ping_status":"closed","template":"","meta":{"_genesis_hide_title":false,"_genesis_hide_breadcrumbs":false,"_genesis_hide_singular_image":false,"_genesis_hide_footer_widgets":false,"_genesis_custom_body_class":"","_genesis_custom_post_class":"","_genesis_layout":"","jetpack_post_was_ever_published":false,"footnotes":"","_links_to":"","_links_to_target":""},"class_list":{"0":"post-788","1":"page","2":"type-page","3":"status-publish","5":"entry","6":"has-post-thumbnail"},"jetpack_sharing_enabled":true,"jetpack_shortlink":"https:\/\/wp.me\/P8b6ez-cI","jetpack_likes_enabled":true,"_links":{"self":[{"href":"https:\/\/iesnavarrovilloslada.educacion.navarra.es\/web\/wp-json\/wp\/v2\/pages\/788","targetHints":{"allow":["GET"]}}],"collection":[{"href":"https:\/\/iesnavarrovilloslada.educacion.navarra.es\/web\/wp-json\/wp\/v2\/pages"}],"about":[{"href":"https:\/\/iesnavarrovilloslada.educacion.navarra.es\/web\/wp-json\/wp\/v2\/types\/page"}],"author":[{"embeddable":true,"href":"https:\/\/iesnavarrovilloslada.educacion.navarra.es\/web\/wp-json\/wp\/v2\/users\/1"}],"replies":[{"embeddable":true,"href":"https:\/\/iesnavarrovilloslada.educacion.navarra.es\/web\/wp-json\/wp\/v2\/comments?post=788"}],"version-history":[{"count":20,"href":"https:\/\/iesnavarrovilloslada.educacion.navarra.es\/web\/wp-json\/wp\/v2\/pages\/788\/revisions"}],"predecessor-version":[{"id":3176,"href":"https:\/\/iesnavarrovilloslada.educacion.navarra.es\/web\/wp-json\/wp\/v2\/pages\/788\/revisions\/3176"}],"wp:attachment":[{"href":"https:\/\/iesnavarrovilloslada.educacion.navarra.es\/web\/wp-json\/wp\/v2\/media?parent=788"}],"curies":[{"name":"wp","href":"https:\/\/api.w.org\/{rel}","templated":true}]}}