{"id":75,"date":"2016-10-25T12:09:37","date_gmt":"2016-10-25T10:09:37","guid":{"rendered":"http:\/\/iesnavarrovilloslada.educacion.navarra.es\/web\/?page_id=75"},"modified":"2025-08-29T12:13:50","modified_gmt":"2025-08-29T10:13:50","slug":"actividades-extraescolares","status":"publish","type":"page","link":"https:\/\/iesnavarrovilloslada.educacion.navarra.es\/web\/actividades-extraescolares\/","title":{"rendered":"Actividades extraescolares y complementarias"},"content":{"rendered":"<p>El Instituto oferta diversas actividades extraescolares y complementarias que redundan en una mejora de la formaci\u00f3n y de la convivencia. Entre otras, destacan:<\/p>\n<h2>Extraescolares<\/h2>\n<ul>\n<li>Accede aqu\u00ed a la oferta para el curso actual:<\/li>\n<\/ul>\n<p><a href=\"https:\/\/iesnavarrovilloslada.educacion.navarra.es\/web\/blog\/2025\/08\/29\/actividades-extraescolares-curso-25-26\/\" target=\"_blank\" rel=\"noopener\">https:\/\/iesnavarrovilloslada.educacion.navarra.es\/web\/blog\/2025\/08\/29\/actividades-extraescolares-curso-25-26\/<\/a><\/p>\n<h2>Complementarias<\/h2>\n<h3>Festivas<\/h3>\n<ul>\n<li>Fiesta de Navidad<\/li>\n<li>D\u00eda del Centro<\/li>\n<li>Despedida de Bachillerato<\/li>\n<\/ul>\n<h3>Culturales<\/h3>\n<ul>\n<li>Taller de teatro \u00abNavarro Villoslada\u00bb<\/li>\n<li>Concursos literarios<\/li>\n<li>Concurso tarjeta de Navidad<\/li>\n<li>Liga de debate<\/li>\n<li>Liga de debate en ingl\u00e9s<\/li>\n<li>Concurso de fotograf\u00eda de matem\u00e1ticas<\/li>\n<li>Orquesta escolar \u00abNavarro Villoslada\u00bb<\/li>\n<li>Olimpiada de matem\u00e1ticas<\/li>\n<li>Olimpiada de filosof\u00eda<\/li>\n<li>Olimpiada de historia<\/li>\n<li>Y muchas otras<\/li>\n<\/ul>\n<h3>Excursiones y salidas diversas<\/h3>\n<p>Museos, Parlamento de Navarra, Planetario de Pamplona, Planta de reciclaje de G\u00f3ngora, Planta depuradora de Arazuri, Madrid, Atapuerca, Pau, empresas, etc.<\/p>\n<h3>Semanas Deportivo-Culturales<\/h3>\n<ul>\n<li>Semana azul (1\u00ba de ESO)<\/li>\n<li>Semana Blanca (2\u00ba de ESO)<\/li>\n<li>Semana Verde (3\u00ba de ESO)<\/li>\n<\/ul>\n<h3>Viajes de estudios<\/h3>\n<ul>\n<li>Para el alumnado de 4\u00ba de la ESO: Viaje de tres d\u00edas a Barcelona y Port Aventura, de car\u00e1cter cultural y l\u00fadico.<\/li>\n<li>Para 2\u00ba de Bachillerato: Viaje de car\u00e1cter cultural a Italia.<\/li>\n<\/ul>\n<h3>Intercambios y estancias<\/h3>\n<ul>\n<li>Estancia en Irlanda (3\u00ba de ESO, Ingl\u00e9s)<\/li>\n<li>Estancia en Par\u00eds<\/li>\n<li>Intercambio con Berl\u00edn (4\u00ba de ESO, Alem\u00e1n)<\/li>\n<li>Erasmus + diferentes movilidades a varios pa\u00edses europeos<\/li>\n<\/ul>\n","protected":false},"excerpt":{"rendered":"<p>El Instituto oferta diversas actividades extraescolares y complementarias que redundan en una mejora de la formaci\u00f3n y de la convivencia. Entre otras, destacan: Extraescolares Accede aqu\u00ed a la oferta para el curso actual: https:\/\/iesnavarrovilloslada.educacion.navarra.es\/web\/blog\/2025\/08\/29\/actividades-extraescolares-curso-25-26\/ Complementarias Festivas Fiesta de Navidad D\u00eda del Centro Despedida de Bachillerato Culturales Taller de teatro \u00abNavarro Villoslada\u00bb Concursos literarios Concurso tarjeta [&hellip;]<\/p>\n","protected":false},"author":1,"featured_media":0,"parent":0,"menu_order":0,"comment_status":"closed","ping_status":"closed","template":"","meta":{"_genesis_hide_title":false,"_genesis_hide_breadcrumbs":false,"_genesis_hide_singular_image":false,"_genesis_hide_footer_widgets":false,"_genesis_custom_body_class":"","_genesis_custom_post_class":"","_genesis_layout":"","jetpack_post_was_ever_published":false,"footnotes":"","_links_to":"","_links_to_target":""},"class_list":{"0":"post-75","1":"page","2":"type-page","3":"status-publish","5":"entry"},"jetpack_sharing_enabled":true,"jetpack_shortlink":"https:\/\/wp.me\/P8b6ez-1d","jetpack_likes_enabled":true,"_links":{"self":[{"href":"https:\/\/iesnavarrovilloslada.educacion.navarra.es\/web\/wp-json\/wp\/v2\/pages\/75","targetHints":{"allow":["GET"]}}],"collection":[{"href":"https:\/\/iesnavarrovilloslada.educacion.navarra.es\/web\/wp-json\/wp\/v2\/pages"}],"about":[{"href":"https:\/\/iesnavarrovilloslada.educacion.navarra.es\/web\/wp-json\/wp\/v2\/types\/page"}],"author":[{"embeddable":true,"href":"https:\/\/iesnavarrovilloslada.educacion.navarra.es\/web\/wp-json\/wp\/v2\/users\/1"}],"replies":[{"embeddable":true,"href":"https:\/\/iesnavarrovilloslada.educacion.navarra.es\/web\/wp-json\/wp\/v2\/comments?post=75"}],"version-history":[{"count":8,"href":"https:\/\/iesnavarrovilloslada.educacion.navarra.es\/web\/wp-json\/wp\/v2\/pages\/75\/revisions"}],"predecessor-version":[{"id":7866,"href":"https:\/\/iesnavarrovilloslada.educacion.navarra.es\/web\/wp-json\/wp\/v2\/pages\/75\/revisions\/7866"}],"wp:attachment":[{"href":"https:\/\/iesnavarrovilloslada.educacion.navarra.es\/web\/wp-json\/wp\/v2\/media?parent=75"}],"curies":[{"name":"wp","href":"https:\/\/api.w.org\/{rel}","templated":true}]}}