{"id":53,"date":"2016-10-25T12:05:48","date_gmt":"2016-10-25T10:05:48","guid":{"rendered":"http:\/\/iesnavarrovilloslada.educacion.navarra.es\/web\/?page_id=53"},"modified":"2021-03-01T10:58:43","modified_gmt":"2021-03-01T09:58:43","slug":"el-nombre-biografia-de-navarro-villoslada","status":"publish","type":"page","link":"https:\/\/iesnavarrovilloslada.educacion.navarra.es\/web\/el-nombre-biografia-de-navarro-villoslada\/","title":{"rendered":"El nombre: biograf\u00eda de D. Francisco Navarro Villoslada"},"content":{"rendered":"<p style=\"text-align: justify;\">Francisco Navarro Villoslada nace en Viana (Navarra) el 9 de octubre de 1818. Estudia Filosof\u00eda, Teolog\u00eda y Derecho. De ideolog\u00eda tradicional, cercana al carlismo, desempe\u00f1a en Madrid cargos de diputado y senador mientras se dedica intensamente al periodismo -fund\u00f3 varios peri\u00f3dicos- y a la Literatura.<\/p>\n<p style=\"text-align: justify;\">Por motivos pol\u00edticos, vivi\u00f3 algunos a\u00f1os en el exilio y a su vuelta, en 1874, lleg\u00f3 a ser secretario particular de D. Carlos, el pretendiente carlista. Muere en Madrid en 1895.<\/p>\n<p style=\"text-align: justify;\">Como novelista de la \u00e9poca rom\u00e1ntica, su obra se encuadra en el g\u00e9nero de la novela hist\u00f3rica con la que evoca especialmente la Edad Media. Sus relatos est\u00e1n llenos de imaginaci\u00f3n y aventura triunfando en ellos los valores caballerescos, el amor apasionado, la religiosidad y los comportamientos heroicos.<\/p>\n<p style=\"text-align: justify;\">Entre sus obras m\u00e1s importantes podemos citar&nbsp;<em>Do\u00f1a Blanca de Navarra<\/em> (1847), <em>Do\u00f1a Urraca de Castilla<\/em> (1849) y, sobre todo, la que destaca con mayor intensidad:&nbsp;<em>Amaya o los vascos en el siglo VIII<\/em> (1879).<\/p>\n<p style=\"text-align: justify;\">Esta \u00faltima novela es un aut\u00e9ntico canto \u00e9pico destinado a exaltar los valores de vascos y godos que se al\u00edan para enfrentarse al poder musulm\u00e1n. Entre aventuras y leyendas, como la famosa de Teodosio de Go\u00f1i y S. Miguel de Aralar, Navarro Villoslada crea personajes literarios a los que convierte casi en mitos: Amaya, Lorea, Amagoya, Garc\u00eda Jim\u00e9nez, etc.<\/p>\n<p style=\"text-align: justify;\">La extraordinaria fantas\u00eda novelesca del autor da amenidad al relato, manteniendo la intriga h\u00e1bilmente hasta el final del complejo argumento.<\/p>\n","protected":false},"excerpt":{"rendered":"<p>Francisco Navarro Villoslada nace en Viana (Navarra) el 9 de octubre de 1818. Estudia Filosof\u00eda, Teolog\u00eda y Derecho. De ideolog\u00eda tradicional, cercana al carlismo, desempe\u00f1a en Madrid cargos de diputado y senador mientras se dedica intensamente al periodismo -fund\u00f3 varios peri\u00f3dicos- y a la Literatura. Por motivos pol\u00edticos, vivi\u00f3 algunos a\u00f1os en el exilio y [&hellip;]<\/p>\n","protected":false},"author":1,"featured_media":0,"parent":0,"menu_order":0,"comment_status":"closed","ping_status":"closed","template":"","meta":{"_genesis_hide_title":false,"_genesis_hide_breadcrumbs":false,"_genesis_hide_singular_image":false,"_genesis_hide_footer_widgets":false,"_genesis_custom_body_class":"","_genesis_custom_post_class":"","_genesis_layout":"","jetpack_post_was_ever_published":false,"footnotes":"","_links_to":"","_links_to_target":""},"class_list":{"0":"post-53","1":"page","2":"type-page","3":"status-publish","5":"entry"},"jetpack_sharing_enabled":true,"jetpack_shortlink":"https:\/\/wp.me\/P8b6ez-R","jetpack_likes_enabled":true,"_links":{"self":[{"href":"https:\/\/iesnavarrovilloslada.educacion.navarra.es\/web\/wp-json\/wp\/v2\/pages\/53","targetHints":{"allow":["GET"]}}],"collection":[{"href":"https:\/\/iesnavarrovilloslada.educacion.navarra.es\/web\/wp-json\/wp\/v2\/pages"}],"about":[{"href":"https:\/\/iesnavarrovilloslada.educacion.navarra.es\/web\/wp-json\/wp\/v2\/types\/page"}],"author":[{"embeddable":true,"href":"https:\/\/iesnavarrovilloslada.educacion.navarra.es\/web\/wp-json\/wp\/v2\/users\/1"}],"replies":[{"embeddable":true,"href":"https:\/\/iesnavarrovilloslada.educacion.navarra.es\/web\/wp-json\/wp\/v2\/comments?post=53"}],"version-history":[{"count":6,"href":"https:\/\/iesnavarrovilloslada.educacion.navarra.es\/web\/wp-json\/wp\/v2\/pages\/53\/revisions"}],"predecessor-version":[{"id":2563,"href":"https:\/\/iesnavarrovilloslada.educacion.navarra.es\/web\/wp-json\/wp\/v2\/pages\/53\/revisions\/2563"}],"wp:attachment":[{"href":"https:\/\/iesnavarrovilloslada.educacion.navarra.es\/web\/wp-json\/wp\/v2\/media?parent=53"}],"curies":[{"name":"wp","href":"https:\/\/api.w.org\/{rel}","templated":true}]}}