{"id":49,"date":"2016-10-25T12:03:48","date_gmt":"2016-10-25T10:03:48","guid":{"rendered":"http:\/\/iesnavarrovilloslada.educacion.navarra.es\/web\/?page_id=49"},"modified":"2021-03-01T10:57:38","modified_gmt":"2021-03-01T09:57:38","slug":"quienes-somos","status":"publish","type":"page","link":"https:\/\/iesnavarrovilloslada.educacion.navarra.es\/web\/quienes-somos\/","title":{"rendered":"\u00bfQui\u00e9nes somos?"},"content":{"rendered":"<p style=\"text-align: justify;\">El Instituto de Educaci\u00f3n Secundaria \u00abNavarro Villoslada\u00bb fue inaugurado en octubre de 1971. Situado en el oeste de Pamplona, se halla enclavado entre los barrios de San Juan, Ermitaga\u00f1a y Mendebaldea.<\/p>\n<p style=\"text-align: justify;\">En la actualidad, y de acuerdo con el mapa escolar del Departamento de Educaci\u00f3n del Gobierno de Navarra, se imparten la Ense\u00f1anza Secundaria Obligatoria (Centro Pluriling\u00fce), dos modalidades de Bachillerato, la de Ciencias y Tecnolog\u00eda, y la de Humanidades y Ciencias Sociales, as\u00ed como el Bachillerato Internacional.<\/p>\n<p>Nuestro Centro tiene las puertas abiertas al entorno y organiza, de forma peri\u00f3dica, actividades art\u00edsticas y culturales, con la participaci\u00f3n de diferentes colectivos de la ciudad.<\/p>\n<p><a href=\"http:\/\/iesnavarrovilloslada.educacion.navarra.es\/web\/wp-content\/uploads\/2018\/06\/Promocion-XLVII-Generacio\u0301n-2000-2012-18.jpg\"><img fetchpriority=\"high\" decoding=\"async\" data-attachment-id=\"1089\" data-permalink=\"https:\/\/iesnavarrovilloslada.educacion.navarra.es\/web\/blog\/2018\/06\/04\/estas-son-las-fotos-oficiales-de-la-graduacion-de-la-promocion-2000\/promocion-xlvii-generacion-2000-2012-18\/\" data-orig-file=\"https:\/\/iesnavarrovilloslada.educacion.navarra.es\/web\/wp-content\/uploads\/2018\/06\/Promocion-XLVII-Generacio\u0301n-2000-2012-18.jpg\" data-orig-size=\"2880,1920\" data-comments-opened=\"1\" data-image-meta=\"{&quot;aperture&quot;:&quot;11&quot;,&quot;credit&quot;:&quot;&quot;,&quot;camera&quot;:&quot;Canon EOS 5D Mark III&quot;,&quot;caption&quot;:&quot;&quot;,&quot;created_timestamp&quot;:&quot;1527251405&quot;,&quot;copyright&quot;:&quot;&quot;,&quot;focal_length&quot;:&quot;24&quot;,&quot;iso&quot;:&quot;200&quot;,&quot;shutter_speed&quot;:&quot;0.005&quot;,&quot;title&quot;:&quot;&quot;,&quot;orientation&quot;:&quot;1&quot;}\" data-image-title=\"Promocion XLVII (Generacio\u0301n 2000) 2012-18\" data-image-description=\"\" data-image-caption=\"\" data-medium-file=\"https:\/\/iesnavarrovilloslada.educacion.navarra.es\/web\/wp-content\/uploads\/2018\/06\/Promocion-XLVII-Generacio\u0301n-2000-2012-18-300x200.jpg\" data-large-file=\"https:\/\/iesnavarrovilloslada.educacion.navarra.es\/web\/wp-content\/uploads\/2018\/06\/Promocion-XLVII-Generacio\u0301n-2000-2012-18-1024x683.jpg\" class=\"alignleft wp-image-1089 size-large\" src=\"http:\/\/iesnavarrovilloslada.educacion.navarra.es\/web\/wp-content\/uploads\/2018\/06\/Promocion-XLVII-Generacio\u0301n-2000-2012-18-1024x683.jpg\" alt=\"\" width=\"1024\" height=\"683\" srcset=\"https:\/\/iesnavarrovilloslada.educacion.navarra.es\/web\/wp-content\/uploads\/2018\/06\/Promocion-XLVII-Generacio\u0301n-2000-2012-18-1024x683.jpg 1024w, https:\/\/iesnavarrovilloslada.educacion.navarra.es\/web\/wp-content\/uploads\/2018\/06\/Promocion-XLVII-Generacio\u0301n-2000-2012-18-300x200.jpg 300w, https:\/\/iesnavarrovilloslada.educacion.navarra.es\/web\/wp-content\/uploads\/2018\/06\/Promocion-XLVII-Generacio\u0301n-2000-2012-18-768x512.jpg 768w\" sizes=\"(max-width: 1024px) 100vw, 1024px\" \/><\/a><\/p>\n<p>El Centro no es ajeno a las innovaciones tecnol\u00f3gicas y a los constantes cambios de la sociedad que, sin duda, van a condicionar la formaci\u00f3n y educaci\u00f3n de nuestro alumnado. En su apuesta por los idiomas y la internacionalizaci\u00f3n, se imparten en ingl\u00e9s asignaturas como Ciencias Sociales, Matem\u00e1ticas, Valores \u00c9ticos, Tecnolog\u00eda, Educaci\u00f3n Pl\u00e1stica, F\u00edsica-Qu\u00edmica, Inform\u00e1tica, y TIC. Adem\u00e1s, en su plan de estudios se incluyen Alem\u00e1n, Franc\u00e9s, Ingl\u00e9s y Euskera.<\/p>\n<p>Con la finalidad de lograr una gesti\u00f3n eficaz, el Centro tiene implantado un Sistema de Gesti\u00f3n de Calidad, que revisa continuamente todos los factores que revierten en un mejor funcionamiento.<\/p>\n<p>Para obtener una mayor y m\u00e1s directa informaci\u00f3n y poder visitar el Centro, se puede asistir a la Jornada de Puertas Abiertas que se celebra todos los cursos.<\/p>\n","protected":false},"excerpt":{"rendered":"<p>El Instituto de Educaci\u00f3n Secundaria \u00abNavarro Villoslada\u00bb fue inaugurado en octubre de 1971. Situado en el oeste de Pamplona, se halla enclavado entre los barrios de San Juan, Ermitaga\u00f1a y Mendebaldea. En la actualidad, y de acuerdo con el mapa escolar del Departamento de Educaci\u00f3n del Gobierno de Navarra, se imparten la Ense\u00f1anza Secundaria Obligatoria [&hellip;]<\/p>\n","protected":false},"author":1,"featured_media":0,"parent":0,"menu_order":0,"comment_status":"closed","ping_status":"closed","template":"","meta":{"_genesis_hide_title":false,"_genesis_hide_breadcrumbs":false,"_genesis_hide_singular_image":false,"_genesis_hide_footer_widgets":false,"_genesis_custom_body_class":"","_genesis_custom_post_class":"","_genesis_layout":"","jetpack_post_was_ever_published":false,"footnotes":"","_links_to":"","_links_to_target":""},"class_list":{"0":"post-49","1":"page","2":"type-page","3":"status-publish","5":"entry","6":"has-post-thumbnail"},"jetpack_sharing_enabled":true,"jetpack_shortlink":"https:\/\/wp.me\/P8b6ez-N","jetpack_likes_enabled":true,"_links":{"self":[{"href":"https:\/\/iesnavarrovilloslada.educacion.navarra.es\/web\/wp-json\/wp\/v2\/pages\/49","targetHints":{"allow":["GET"]}}],"collection":[{"href":"https:\/\/iesnavarrovilloslada.educacion.navarra.es\/web\/wp-json\/wp\/v2\/pages"}],"about":[{"href":"https:\/\/iesnavarrovilloslada.educacion.navarra.es\/web\/wp-json\/wp\/v2\/types\/page"}],"author":[{"embeddable":true,"href":"https:\/\/iesnavarrovilloslada.educacion.navarra.es\/web\/wp-json\/wp\/v2\/users\/1"}],"replies":[{"embeddable":true,"href":"https:\/\/iesnavarrovilloslada.educacion.navarra.es\/web\/wp-json\/wp\/v2\/comments?post=49"}],"version-history":[{"count":7,"href":"https:\/\/iesnavarrovilloslada.educacion.navarra.es\/web\/wp-json\/wp\/v2\/pages\/49\/revisions"}],"predecessor-version":[{"id":2562,"href":"https:\/\/iesnavarrovilloslada.educacion.navarra.es\/web\/wp-json\/wp\/v2\/pages\/49\/revisions\/2562"}],"wp:attachment":[{"href":"https:\/\/iesnavarrovilloslada.educacion.navarra.es\/web\/wp-json\/wp\/v2\/media?parent=49"}],"curies":[{"name":"wp","href":"https:\/\/api.w.org\/{rel}","templated":true}]}}