{"id":3787,"date":"2023-02-17T13:09:20","date_gmt":"2023-02-17T12:09:20","guid":{"rendered":"https:\/\/iesnavarrovilloslada.educacion.navarra.es\/web\/?page_id=3787"},"modified":"2023-02-17T13:09:23","modified_gmt":"2023-02-17T12:09:23","slug":"diploma-del-ib-o-bi","status":"publish","type":"page","link":"https:\/\/iesnavarrovilloslada.educacion.navarra.es\/web\/diploma-del-ib-o-bi\/","title":{"rendered":"\u00bfDiploma del IB o BI+?"},"content":{"rendered":"\n<p>El Programa del Diploma del IB (Bachillerato Internacional) es un programa completo de asignaturas orientadas a desarrollar tus capacidades de investigaci\u00f3n, reflexi\u00f3n, sentido cr\u00edtico, expresi\u00f3n escrita y oral, sentido solidario, creativo, mentalidad internacional&#8230; Es el sitio ideal para mentes inquietas y curiosas.<\/p>\n\n\n\n<p>Nos suelen preguntar en qu\u00e9 se diferencia el Programa del Diploma del Bachillerato Internacional (IB) del bachillerato con asignatura de investigaci\u00f3n (BI+). BI+ es un bachillerato normal (LOMLOE) que tiene una asignatura de iniciaci\u00f3n a la investigaci\u00f3n y en el que haces de forma individual o en grupo un trabajo de investigaci\u00f3n con apoyo de instituciones externas.<\/p>\n\n\n\n<p>El Programa del Diploma del IB (Bachillerato Internacional), respaldado por una <a href=\"https:\/\/www.ibo.org\/es\/\" target=\"_blank\" rel=\"noreferrer noopener\">organizaci\u00f3n internacional<\/a> de reconocido prestigio, tiene la ventaja de un bachillerato con asignatura de investigaci\u00f3n y, adem\u00e1s:<\/p>\n\n\n\n<ul class=\"wp-block-list\">\n<li>Incluye no solamente un trabajo de investigaci\u00f3n (Monograf\u00eda) sino que en todas las asignaturas encontrar\u00e1s un trabajo de investigaci\u00f3n o de exploraci\u00f3n<\/li>\n\n\n\n<li>Tiene un amplio reconocimiento internacional, tanto en universidades como en empresas. <\/li>\n\n\n\n<li>Tiene un sistema de convalidaci\u00f3n de calificaciones que puede ayudarte a entrar en las universidades que elijas.<\/li>\n\n\n\n<li>Estudias en un grupo de chicas y chicos que cursan ese Diploma y tienen tus mismos intereses.<\/li>\n\n\n\n<li>Desarrollas la mentalidad internacional, tu lado solidario y creativo, sin olvidar la actividad f\u00edsica, a trav\u00e9s de las asignaturas dise\u00f1adas con esos objetivos.<\/li>\n\n\n\n<li>En nuestro centro, si no completas el Diploma del IB pero realizas la monograf\u00eda, obtienes un certificado de haber cursado un bachillerato con investigaci\u00f3n.<\/li>\n\n\n\n<li>Puedes colaborar con instituciones externas si alguno de los temas de investigaci\u00f3n lo requiere, pero el IB garantiza que desarrolles tu autonom\u00eda al m\u00e1ximo y seas t\u00fa quien proponga los temas y los investigue en su totalidad.<\/li>\n\n\n\n<li>A\u00f1ades a tu curr\u00edculum una diferencia importante. Personalidades de primera l\u00ednea de todos los campos de la sociedad han estudiado el Diploma del Bachillerato Internacional.<\/li>\n<\/ul>\n\n\n\n<p><\/p>\n","protected":false},"excerpt":{"rendered":"<p>El Programa del Diploma del IB (Bachillerato Internacional) es un programa completo de asignaturas orientadas a desarrollar tus capacidades de investigaci\u00f3n, reflexi\u00f3n, sentido cr\u00edtico, expresi\u00f3n escrita y oral, sentido solidario, creativo, mentalidad internacional&#8230; Es el sitio ideal para mentes inquietas y curiosas. Nos suelen preguntar en qu\u00e9 se diferencia el Programa del Diploma del Bachillerato [&hellip;]<\/p>\n","protected":false},"author":1,"featured_media":0,"parent":0,"menu_order":0,"comment_status":"closed","ping_status":"closed","template":"","meta":{"_genesis_hide_title":false,"_genesis_hide_breadcrumbs":false,"_genesis_hide_singular_image":false,"_genesis_hide_footer_widgets":false,"_genesis_custom_body_class":"","_genesis_custom_post_class":"","_genesis_layout":"","jetpack_post_was_ever_published":false,"footnotes":"","_links_to":"","_links_to_target":""},"class_list":{"0":"post-3787","1":"page","2":"type-page","3":"status-publish","5":"entry"},"jetpack_sharing_enabled":true,"jetpack_shortlink":"https:\/\/wp.me\/P8b6ez-Z5","jetpack_likes_enabled":true,"_links":{"self":[{"href":"https:\/\/iesnavarrovilloslada.educacion.navarra.es\/web\/wp-json\/wp\/v2\/pages\/3787","targetHints":{"allow":["GET"]}}],"collection":[{"href":"https:\/\/iesnavarrovilloslada.educacion.navarra.es\/web\/wp-json\/wp\/v2\/pages"}],"about":[{"href":"https:\/\/iesnavarrovilloslada.educacion.navarra.es\/web\/wp-json\/wp\/v2\/types\/page"}],"author":[{"embeddable":true,"href":"https:\/\/iesnavarrovilloslada.educacion.navarra.es\/web\/wp-json\/wp\/v2\/users\/1"}],"replies":[{"embeddable":true,"href":"https:\/\/iesnavarrovilloslada.educacion.navarra.es\/web\/wp-json\/wp\/v2\/comments?post=3787"}],"version-history":[{"count":3,"href":"https:\/\/iesnavarrovilloslada.educacion.navarra.es\/web\/wp-json\/wp\/v2\/pages\/3787\/revisions"}],"predecessor-version":[{"id":3792,"href":"https:\/\/iesnavarrovilloslada.educacion.navarra.es\/web\/wp-json\/wp\/v2\/pages\/3787\/revisions\/3792"}],"wp:attachment":[{"href":"https:\/\/iesnavarrovilloslada.educacion.navarra.es\/web\/wp-json\/wp\/v2\/media?parent=3787"}],"curies":[{"name":"wp","href":"https:\/\/api.w.org\/{rel}","templated":true}]}}