{"id":2660,"date":"2021-03-17T13:48:44","date_gmt":"2021-03-17T12:48:44","guid":{"rendered":"https:\/\/iesnavarrovilloslada.educacion.navarra.es\/web\/?page_id=2660"},"modified":"2024-04-15T10:06:35","modified_gmt":"2024-04-15T08:06:35","slug":"dirigieron-el-instituto","status":"publish","type":"page","link":"https:\/\/iesnavarrovilloslada.educacion.navarra.es\/web\/dirigieron-el-instituto\/","title":{"rendered":"Dirigieron el instituto"},"content":{"rendered":"\n<p><strong>\u00c1NGEL DELGADO HIDALGO<\/strong><\/p>\n\n\n\n<ul class=\"wp-block-list\">\n<li>De 1971-72 a 1976-77 (6 cursos)<\/li>\n\n\n\n<li>De 1979-80 a 1980-81 (2 cursos). Fue profesor de Lengua. Cuando dej\u00f3 la direcci\u00f3n en 1981 pas\u00f3 a prestar servicios en Inspecci\u00f3n Educativa. Falleci\u00f3 en 2010 a la edad de 88 a\u00f1os<\/li>\n<\/ul>\n\n\n\n<p><strong>JAVIER MARCOTEGUI ROS<\/strong><\/p>\n\n\n\n<ul class=\"wp-block-list\">\n<li>De 1977-78 a 1978-79 (2 cursos). Fue profesor de Biolog\u00eda. Como miembro de UPN ha ocupado diferentes puestos de responsabilidad pol\u00edtica y ha sido Parlamentario Foral y Consejero de Educaci\u00f3n. En la actualidad jubilado y residente en Pamplona<\/li>\n<\/ul>\n\n\n\n<p><strong>RAM\u00d3N MART\u00cdNEZ FERN\u00c1NDEZ<\/strong><\/p>\n\n\n\n<ul class=\"wp-block-list\">\n<li>De 1981-82 a 1982-83 (2 cursos). Cuando dej\u00f3 la direcci\u00f3n continu\u00f3 como profesor de Lenguas Cl\u00e1sicas en el Instituto. Jubilado y residente en Pamplona<\/li>\n<\/ul>\n\n\n\n<p><strong>RAM\u00d3N AROZARENA SANZBERRO<\/strong><\/p>\n\n\n\n<ul class=\"wp-block-list\">\n<li>De 1983-84 a 1984-85 (2 cursos)<\/li>\n\n\n\n<li>De 1992-93 a febrero de 1995 (casi 3 cursos). Dej\u00f3 la direcci\u00f3n del centro para ir a Ruanda, ciudad de Goma, con funciones directivas en un programa de Cooperaci\u00f3n Internacional. Fue Parlamentario Foral por EE en 1987-91. Regres\u00f3&nbsp; al Instituto como profesor de franc\u00e9s. Jubilado y residente en Pamplona<\/li>\n<\/ul>\n\n\n\n<p><strong>MIGUEL \u00c1NGEL ZABALZA CRUCHAGA<\/strong><\/p>\n\n\n\n<ul class=\"wp-block-list\">\n<li>De 1985-86 a 1988-89 (4 cursos)<\/li>\n\n\n\n<li>De 1995-96 a 2003-04 (9 cursos). Cuando dej\u00f3 la direcci\u00f3n continu\u00f3 como profesor de Geograf\u00eda e Historia en el Instituto. Jubilado y residente en Madrid.<\/li>\n<\/ul>\n\n\n\n<p><strong>SANTIAGO ARELLANO HERN\u00c1NDEZ<\/strong><\/p>\n\n\n\n<ul class=\"wp-block-list\">\n<li>De 1989-90 a 1990-91 (2 cursos). Profesor de Lengua castellana. Sali\u00f3 del Instituto cuando fue nombrado Director General de Educaci\u00f3n con gobiernos de UPN. Falleci\u00f3 en 2023.<\/li>\n<\/ul>\n\n\n\n<p><strong>LUIS VERA BALLAZ<\/strong><\/p>\n\n\n\n<ul class=\"wp-block-list\">\n<li>De 1991-92 (1 curso). Cuando dej\u00f3 la direcci\u00f3n continu\u00f3 como profesor de Dibujo en el Instituto. Fallecido.<\/li>\n<\/ul>\n\n\n\n<p><strong>\u00c1NGEL URTASUN URIZ<\/strong><\/p>\n\n\n\n<ul class=\"wp-block-list\">\n<li>1995 (entre febrero y agosto). Dej\u00f3 la direcci\u00f3n cuando fue nombrado Director General de Educaci\u00f3n por el gobierno de Navarra formado por PSN, CDN y EA. Posteriormente sigui\u00f3 como profesor de Biolog\u00eda en el Instituto hasta su jubilaci\u00f3n. Jubilado y residente en Pamplona<\/li>\n<\/ul>\n\n\n\n<p><strong>ALBERTO ARRIAZU AGRAMONTE<\/strong><\/p>\n\n\n\n<ul class=\"wp-block-list\">\n<li>De 2004-05 a&nbsp;30 de junio de 2022. Profesor de Tecnolog\u00eda.<\/li>\n<\/ul>\n\n\n\n<p><strong>GABRIEL M\u00aa RUBIO NAVARRO<\/strong><\/p>\n\n\n\n<ul class=\"wp-block-list\">\n<li>1 de julio de 2022 a la actualidad. Profesor de Lengua castellana.<\/li>\n<\/ul>\n","protected":false},"excerpt":{"rendered":"<p>\u00c1NGEL DELGADO HIDALGO JAVIER MARCOTEGUI ROS RAM\u00d3N MART\u00cdNEZ FERN\u00c1NDEZ RAM\u00d3N AROZARENA SANZBERRO MIGUEL \u00c1NGEL ZABALZA CRUCHAGA SANTIAGO ARELLANO HERN\u00c1NDEZ LUIS VERA BALLAZ \u00c1NGEL URTASUN URIZ ALBERTO ARRIAZU AGRAMONTE GABRIEL M\u00aa RUBIO NAVARRO<\/p>\n","protected":false},"author":1,"featured_media":0,"parent":0,"menu_order":0,"comment_status":"closed","ping_status":"closed","template":"","meta":{"_genesis_hide_title":false,"_genesis_hide_breadcrumbs":false,"_genesis_hide_singular_image":false,"_genesis_hide_footer_widgets":false,"_genesis_custom_body_class":"","_genesis_custom_post_class":"","_genesis_layout":"","jetpack_post_was_ever_published":false,"footnotes":"","_links_to":"","_links_to_target":""},"class_list":{"0":"post-2660","1":"page","2":"type-page","3":"status-publish","5":"entry"},"jetpack_sharing_enabled":true,"jetpack_shortlink":"https:\/\/wp.me\/P8b6ez-GU","jetpack_likes_enabled":true,"_links":{"self":[{"href":"https:\/\/iesnavarrovilloslada.educacion.navarra.es\/web\/wp-json\/wp\/v2\/pages\/2660","targetHints":{"allow":["GET"]}}],"collection":[{"href":"https:\/\/iesnavarrovilloslada.educacion.navarra.es\/web\/wp-json\/wp\/v2\/pages"}],"about":[{"href":"https:\/\/iesnavarrovilloslada.educacion.navarra.es\/web\/wp-json\/wp\/v2\/types\/page"}],"author":[{"embeddable":true,"href":"https:\/\/iesnavarrovilloslada.educacion.navarra.es\/web\/wp-json\/wp\/v2\/users\/1"}],"replies":[{"embeddable":true,"href":"https:\/\/iesnavarrovilloslada.educacion.navarra.es\/web\/wp-json\/wp\/v2\/comments?post=2660"}],"version-history":[{"count":3,"href":"https:\/\/iesnavarrovilloslada.educacion.navarra.es\/web\/wp-json\/wp\/v2\/pages\/2660\/revisions"}],"predecessor-version":[{"id":6258,"href":"https:\/\/iesnavarrovilloslada.educacion.navarra.es\/web\/wp-json\/wp\/v2\/pages\/2660\/revisions\/6258"}],"wp:attachment":[{"href":"https:\/\/iesnavarrovilloslada.educacion.navarra.es\/web\/wp-json\/wp\/v2\/media?parent=2660"}],"curies":[{"name":"wp","href":"https:\/\/api.w.org\/{rel}","templated":true}]}}