{"id":152,"date":"2016-11-15T10:16:58","date_gmt":"2016-11-15T09:16:58","guid":{"rendered":"http:\/\/iesnavarrovilloslada.educacion.navarra.es\/web\/?page_id=152"},"modified":"2017-02-21T10:01:12","modified_gmt":"2017-02-21T09:01:12","slug":"la-convivencia-en-el-instituto","status":"publish","type":"page","link":"https:\/\/iesnavarrovilloslada.educacion.navarra.es\/web\/la-convivencia-en-el-instituto\/","title":{"rendered":"La convivencia en el Instituto"},"content":{"rendered":"<p>La convivencia en el instituto es responsabilidad de todas las personas, aunque oficialmente recae sobre la Direcci\u00f3n del centro.\u00a0Puedes consultar toda la normativa en las agendas del centro y en los documentos que entregamos a las familias.<\/p>\n<p>Tambi\u00e9n existe una <strong>Comisi\u00f3n de Convivencia<\/strong>, dentro de la cual se inscribe un <strong>equipo de mediaci\u00f3n<\/strong>. Desde este equipo podr\u00e1s recibir apoyo si lo necesitas.<\/p>\n<p>Si ves que hay alguien que lo est\u00e1 pasando mal, ofr\u00e9cele tu ayuda.<\/p>\n<p>Puedes colaborar de manera activa en la mejora del clima del centro, ponte en contacto con la Comisi\u00f3n de Convivencia.<\/p>\n<p>En caso de que se metan contigo y eso te est\u00e9 afectando, habla con alguna persona adulta de tu confianza. En caso de que no puedan ayudarte, llama al siguiente tel\u00e9fono gratuito: <strong>900 841 551<\/strong><\/p>\n","protected":false},"excerpt":{"rendered":"<p>La convivencia en el instituto es responsabilidad de todas las personas, aunque oficialmente recae sobre la Direcci\u00f3n del centro.\u00a0Puedes consultar toda la normativa en las agendas del centro y en los documentos que entregamos a las familias. Tambi\u00e9n existe una Comisi\u00f3n de Convivencia, dentro de la cual se inscribe un equipo de mediaci\u00f3n. Desde este [&hellip;]<\/p>\n","protected":false},"author":1,"featured_media":0,"parent":0,"menu_order":0,"comment_status":"closed","ping_status":"closed","template":"","meta":{"_genesis_hide_title":false,"_genesis_hide_breadcrumbs":false,"_genesis_hide_singular_image":false,"_genesis_hide_footer_widgets":false,"_genesis_custom_body_class":"","_genesis_custom_post_class":"","_genesis_layout":"","jetpack_post_was_ever_published":false,"footnotes":"","_links_to":"","_links_to_target":""},"class_list":{"0":"post-152","1":"page","2":"type-page","3":"status-publish","5":"entry"},"jetpack_sharing_enabled":true,"jetpack_shortlink":"https:\/\/wp.me\/P8b6ez-2s","jetpack_likes_enabled":true,"_links":{"self":[{"href":"https:\/\/iesnavarrovilloslada.educacion.navarra.es\/web\/wp-json\/wp\/v2\/pages\/152","targetHints":{"allow":["GET"]}}],"collection":[{"href":"https:\/\/iesnavarrovilloslada.educacion.navarra.es\/web\/wp-json\/wp\/v2\/pages"}],"about":[{"href":"https:\/\/iesnavarrovilloslada.educacion.navarra.es\/web\/wp-json\/wp\/v2\/types\/page"}],"author":[{"embeddable":true,"href":"https:\/\/iesnavarrovilloslada.educacion.navarra.es\/web\/wp-json\/wp\/v2\/users\/1"}],"replies":[{"embeddable":true,"href":"https:\/\/iesnavarrovilloslada.educacion.navarra.es\/web\/wp-json\/wp\/v2\/comments?post=152"}],"version-history":[{"count":4,"href":"https:\/\/iesnavarrovilloslada.educacion.navarra.es\/web\/wp-json\/wp\/v2\/pages\/152\/revisions"}],"predecessor-version":[{"id":464,"href":"https:\/\/iesnavarrovilloslada.educacion.navarra.es\/web\/wp-json\/wp\/v2\/pages\/152\/revisions\/464"}],"wp:attachment":[{"href":"https:\/\/iesnavarrovilloslada.educacion.navarra.es\/web\/wp-json\/wp\/v2\/media?parent=152"}],"curies":[{"name":"wp","href":"https:\/\/api.w.org\/{rel}","templated":true}]}}