{"id":136,"date":"2016-11-08T11:30:35","date_gmt":"2016-11-08T10:30:35","guid":{"rendered":"http:\/\/iesnavarrovilloslada.educacion.navarra.es\/web\/?page_id=136"},"modified":"2025-09-15T18:42:39","modified_gmt":"2025-09-15T16:42:39","slug":"agenda","status":"publish","type":"page","link":"https:\/\/iesnavarrovilloslada.educacion.navarra.es\/web\/agenda\/","title":{"rendered":"Agenda"},"content":{"rendered":"\n<p>\u00a0<\/p>\n\n\n\n<div class=\"wp-block-group\"><div class=\"wp-block-group__inner-container is-layout-constrained wp-block-group-is-layout-constrained\">\n<div class=\"wp-block-columns is-layout-flex wp-container-core-columns-is-layout-1 wp-block-columns-is-layout-flex\">\n<div class=\"wp-block-column is-layout-flow wp-block-column-is-layout-flow\" style=\"flex-basis:100%\"><div class=\"wp-block-jetpack-google-calendar\"><iframe src=\"https:\/\/calendar.google.com\/calendar\/embed?src=c_97e6a4f11e9ba4bebabd5630720e694562580e8cdae4e631de013c94bb381568%40group.calendar.google.com&#038;ctz=Europe%2FMadrid\" frameborder=\"0\" style=\"border:0\" scrolling=\"no\" height=\"600\" width=\"100%\" sandbox=\"allow-scripts allow-same-origin allow-popups\"><\/iframe><\/div><\/div>\n<\/div>\n<\/div><\/div>\n\n\n\n<p>&nbsp;<\/p>\n\n\n\n<p>&nbsp;<\/p>\n\n\n\n<p>Suscribirse al calendario o agenda diaria es muy sencillo:<\/p>\n\n\n\n<p>1. Pincha en la imagen que ver\u00e1s en la parte inferior derecha del calendario:<\/p>\n\n\n<div class=\"wp-block-image\">\n<figure class=\"aligncenter\"><img fetchpriority=\"high\" decoding=\"async\" width=\"300\" height=\"200\" data-attachment-id=\"337\" data-permalink=\"https:\/\/iesnavarrovilloslada.educacion.navarra.es\/web\/blog\/2016\/12\/25\/proximos-eventos-en-el-instituto\/captura-de-pantalla-2017-02-03-a-las-19-40-53\/\" data-orig-file=\"https:\/\/iesnavarrovilloslada.educacion.navarra.es\/web\/wp-content\/uploads\/2016\/12\/Captura-de-pantalla-2017-02-03-a-las-19.40.53.png\" data-orig-size=\"384,256\" data-comments-opened=\"1\" data-image-meta=\"{&quot;aperture&quot;:&quot;0&quot;,&quot;credit&quot;:&quot;&quot;,&quot;camera&quot;:&quot;&quot;,&quot;caption&quot;:&quot;&quot;,&quot;created_timestamp&quot;:&quot;0&quot;,&quot;copyright&quot;:&quot;&quot;,&quot;focal_length&quot;:&quot;0&quot;,&quot;iso&quot;:&quot;0&quot;,&quot;shutter_speed&quot;:&quot;0&quot;,&quot;title&quot;:&quot;&quot;,&quot;orientation&quot;:&quot;0&quot;}\" data-image-title=\"A\u00f1adir a Google Calendario\" data-image-description=\"\" data-image-caption=\"\" data-medium-file=\"https:\/\/iesnavarrovilloslada.educacion.navarra.es\/web\/wp-content\/uploads\/2016\/12\/Captura-de-pantalla-2017-02-03-a-las-19.40.53-300x200.png\" data-large-file=\"https:\/\/iesnavarrovilloslada.educacion.navarra.es\/web\/wp-content\/uploads\/2016\/12\/Captura-de-pantalla-2017-02-03-a-las-19.40.53.png\" src=\"http:\/\/iesnavarrovilloslada.educacion.navarra.es\/web\/wp-content\/uploads\/2016\/12\/Captura-de-pantalla-2017-02-03-a-las-19.40.53-300x200.png\" alt=\"\" class=\"wp-image-337\" srcset=\"https:\/\/iesnavarrovilloslada.educacion.navarra.es\/web\/wp-content\/uploads\/2016\/12\/Captura-de-pantalla-2017-02-03-a-las-19.40.53-300x200.png 300w, https:\/\/iesnavarrovilloslada.educacion.navarra.es\/web\/wp-content\/uploads\/2016\/12\/Captura-de-pantalla-2017-02-03-a-las-19.40.53.png 384w\" sizes=\"(max-width: 300px) 100vw, 300px\" \/><\/figure><\/div>\n\n\n<p><\/p>\n\n\n\n<p>2.- Al pinchar,&nbsp;se abrir\u00e1 un cuadro de di\u00e1logo para confirmar si quieres a\u00f1adir a tu cuenta de Google el calendario:<\/p>\n\n\n<div class=\"wp-block-image\">\n<figure class=\"aligncenter\"><img decoding=\"async\" width=\"300\" height=\"75\" data-attachment-id=\"338\" data-permalink=\"https:\/\/iesnavarrovilloslada.educacion.navarra.es\/web\/blog\/2016\/12\/25\/proximos-eventos-en-el-instituto\/captura-de-pantalla-2017-02-03-a-las-19-41-25\/\" data-orig-file=\"https:\/\/iesnavarrovilloslada.educacion.navarra.es\/web\/wp-content\/uploads\/2016\/12\/Captura-de-pantalla-2017-02-03-a-las-19.41.25.png\" data-orig-size=\"900,224\" data-comments-opened=\"1\" data-image-meta=\"{&quot;aperture&quot;:&quot;0&quot;,&quot;credit&quot;:&quot;&quot;,&quot;camera&quot;:&quot;&quot;,&quot;caption&quot;:&quot;&quot;,&quot;created_timestamp&quot;:&quot;0&quot;,&quot;copyright&quot;:&quot;&quot;,&quot;focal_length&quot;:&quot;0&quot;,&quot;iso&quot;:&quot;0&quot;,&quot;shutter_speed&quot;:&quot;0&quot;,&quot;title&quot;:&quot;&quot;,&quot;orientation&quot;:&quot;0&quot;}\" data-image-title=\"Aceptar calendario\" data-image-description=\"\" data-image-caption=\"\" data-medium-file=\"https:\/\/iesnavarrovilloslada.educacion.navarra.es\/web\/wp-content\/uploads\/2016\/12\/Captura-de-pantalla-2017-02-03-a-las-19.41.25-300x75.png\" data-large-file=\"https:\/\/iesnavarrovilloslada.educacion.navarra.es\/web\/wp-content\/uploads\/2016\/12\/Captura-de-pantalla-2017-02-03-a-las-19.41.25.png\" src=\"http:\/\/iesnavarrovilloslada.educacion.navarra.es\/web\/wp-content\/uploads\/2016\/12\/Captura-de-pantalla-2017-02-03-a-las-19.41.25-300x75.png\" alt=\"\" class=\"wp-image-338\" srcset=\"https:\/\/iesnavarrovilloslada.educacion.navarra.es\/web\/wp-content\/uploads\/2016\/12\/Captura-de-pantalla-2017-02-03-a-las-19.41.25-300x75.png 300w, https:\/\/iesnavarrovilloslada.educacion.navarra.es\/web\/wp-content\/uploads\/2016\/12\/Captura-de-pantalla-2017-02-03-a-las-19.41.25-768x191.png 768w, https:\/\/iesnavarrovilloslada.educacion.navarra.es\/web\/wp-content\/uploads\/2016\/12\/Captura-de-pantalla-2017-02-03-a-las-19.41.25.png 900w\" sizes=\"(max-width: 300px) 100vw, 300px\" \/><\/figure><\/div>\n\n\n<p><\/p>\n\n\n\n<p>3.- Acepta, y listo (recuerda que debes tener cuenta de Google y tenerla abierta para poder a\u00f1adirlo).<\/p>\n","protected":false},"excerpt":{"rendered":"<p>\u00a0 &nbsp; &nbsp; Suscribirse al calendario o agenda diaria es muy sencillo: 1. Pincha en la imagen que ver\u00e1s en la parte inferior derecha del calendario: 2.- Al pinchar,&nbsp;se abrir\u00e1 un cuadro de di\u00e1logo para confirmar si quieres a\u00f1adir a tu cuenta de Google el calendario: 3.- Acepta, y listo (recuerda que debes tener cuenta [&hellip;]<\/p>\n","protected":false},"author":1,"featured_media":0,"parent":0,"menu_order":0,"comment_status":"closed","ping_status":"closed","template":"","meta":{"_genesis_hide_title":false,"_genesis_hide_breadcrumbs":false,"_genesis_hide_singular_image":false,"_genesis_hide_footer_widgets":false,"_genesis_custom_body_class":"","_genesis_custom_post_class":"","_genesis_layout":"","jetpack_post_was_ever_published":false,"footnotes":"","_links_to":"","_links_to_target":""},"class_list":{"0":"post-136","1":"page","2":"type-page","3":"status-publish","5":"entry"},"jetpack_sharing_enabled":true,"jetpack_shortlink":"https:\/\/wp.me\/P8b6ez-2c","jetpack_likes_enabled":true,"_links":{"self":[{"href":"https:\/\/iesnavarrovilloslada.educacion.navarra.es\/web\/wp-json\/wp\/v2\/pages\/136","targetHints":{"allow":["GET"]}}],"collection":[{"href":"https:\/\/iesnavarrovilloslada.educacion.navarra.es\/web\/wp-json\/wp\/v2\/pages"}],"about":[{"href":"https:\/\/iesnavarrovilloslada.educacion.navarra.es\/web\/wp-json\/wp\/v2\/types\/page"}],"author":[{"embeddable":true,"href":"https:\/\/iesnavarrovilloslada.educacion.navarra.es\/web\/wp-json\/wp\/v2\/users\/1"}],"replies":[{"embeddable":true,"href":"https:\/\/iesnavarrovilloslada.educacion.navarra.es\/web\/wp-json\/wp\/v2\/comments?post=136"}],"version-history":[{"count":5,"href":"https:\/\/iesnavarrovilloslada.educacion.navarra.es\/web\/wp-json\/wp\/v2\/pages\/136\/revisions"}],"predecessor-version":[{"id":7906,"href":"https:\/\/iesnavarrovilloslada.educacion.navarra.es\/web\/wp-json\/wp\/v2\/pages\/136\/revisions\/7906"}],"wp:attachment":[{"href":"https:\/\/iesnavarrovilloslada.educacion.navarra.es\/web\/wp-json\/wp\/v2\/media?parent=136"}],"curies":[{"name":"wp","href":"https:\/\/api.w.org\/{rel}","templated":true}]}}