{"id":133,"date":"2016-11-08T11:26:29","date_gmt":"2016-11-08T10:26:29","guid":{"rendered":"http:\/\/iesnavarrovilloslada.educacion.navarra.es\/web\/?page_id=133"},"modified":"2016-11-08T11:26:29","modified_gmt":"2016-11-08T10:26:29","slug":"acceso-a-informacion-escolar-educa","status":"publish","type":"page","link":"https:\/\/iesnavarrovilloslada.educacion.navarra.es\/web\/acceso-a-informacion-escolar-educa\/","title":{"rendered":"Acceso a informaci\u00f3n escolar: Educa"},"content":{"rendered":"<p>Educa es el sistema inform\u00e1tico del Departamento de Educaci\u00f3n para la gesti\u00f3n de la informaci\u00f3n escolar. Sirve para facilitar la comunicaci\u00f3n, gesti\u00f3n y administraci\u00f3n entre los diferentes participantes en el proceso educativo: profesorado, familias, alumnado, centro educativo y unidades t\u00e9cnicas del Departamento de Educaci\u00f3n.<\/p>\n<ul>\n<li><a href=\"https:\/\/educages.navarra.es\/Educa\/control\/ptrLogin\">Educa en los centros<\/a>: sirve para matricular al alumnado, configurar su horario de clases, apuntar sus calificaciones, llevar un control de su asistencia a clase, etc.<\/li>\n<li><a href=\"https:\/\/educa.navarra.es\/familias\/\">Educa para las familias<\/a>: sirve para que est\u00e9n al tanto de la vida acad\u00e9mica de sus hijos e hijas (calificaciones, asistencia, incidencias\u2026).<\/li>\n<li><a href=\"https:\/\/educa.navarra.es\/familias\/\">Educa para el alumnado<\/a>: sirve para que consulten sus calificaciones, etc.<\/li>\n<\/ul>\n","protected":false},"excerpt":{"rendered":"<p>Educa es el sistema inform\u00e1tico del Departamento de Educaci\u00f3n para la gesti\u00f3n de la informaci\u00f3n escolar. Sirve para facilitar la comunicaci\u00f3n, gesti\u00f3n y administraci\u00f3n entre los diferentes participantes en el proceso educativo: profesorado, familias, alumnado, centro educativo y unidades t\u00e9cnicas del Departamento de Educaci\u00f3n. Educa en los centros: sirve para matricular al alumnado, configurar su [&hellip;]<\/p>\n","protected":false},"author":1,"featured_media":0,"parent":0,"menu_order":0,"comment_status":"closed","ping_status":"closed","template":"","meta":{"_genesis_hide_title":false,"_genesis_hide_breadcrumbs":false,"_genesis_hide_singular_image":false,"_genesis_hide_footer_widgets":false,"_genesis_custom_body_class":"","_genesis_custom_post_class":"","_genesis_layout":"","jetpack_post_was_ever_published":false,"footnotes":"","_links_to":"","_links_to_target":""},"class_list":{"0":"post-133","1":"page","2":"type-page","3":"status-publish","5":"entry"},"jetpack_sharing_enabled":true,"jetpack_shortlink":"https:\/\/wp.me\/P8b6ez-29","jetpack_likes_enabled":true,"_links":{"self":[{"href":"https:\/\/iesnavarrovilloslada.educacion.navarra.es\/web\/wp-json\/wp\/v2\/pages\/133","targetHints":{"allow":["GET"]}}],"collection":[{"href":"https:\/\/iesnavarrovilloslada.educacion.navarra.es\/web\/wp-json\/wp\/v2\/pages"}],"about":[{"href":"https:\/\/iesnavarrovilloslada.educacion.navarra.es\/web\/wp-json\/wp\/v2\/types\/page"}],"author":[{"embeddable":true,"href":"https:\/\/iesnavarrovilloslada.educacion.navarra.es\/web\/wp-json\/wp\/v2\/users\/1"}],"replies":[{"embeddable":true,"href":"https:\/\/iesnavarrovilloslada.educacion.navarra.es\/web\/wp-json\/wp\/v2\/comments?post=133"}],"version-history":[{"count":1,"href":"https:\/\/iesnavarrovilloslada.educacion.navarra.es\/web\/wp-json\/wp\/v2\/pages\/133\/revisions"}],"predecessor-version":[{"id":134,"href":"https:\/\/iesnavarrovilloslada.educacion.navarra.es\/web\/wp-json\/wp\/v2\/pages\/133\/revisions\/134"}],"wp:attachment":[{"href":"https:\/\/iesnavarrovilloslada.educacion.navarra.es\/web\/wp-json\/wp\/v2\/media?parent=133"}],"curies":[{"name":"wp","href":"https:\/\/api.w.org\/{rel}","templated":true}]}}