{"id":50,"date":"2018-10-14T21:18:17","date_gmt":"2018-10-14T21:18:17","guid":{"rendered":"http:\/\/iesnavarrovilloslada.educacion.navarra.es\/web\/coeducacion\/?page_id=50"},"modified":"2019-02-27T12:42:44","modified_gmt":"2019-02-27T12:42:44","slug":"8m","status":"publish","type":"page","link":"https:\/\/iesnavarrovilloslada.educacion.navarra.es\/web\/coeducacion\/8m\/","title":{"rendered":"8M"},"content":{"rendered":"\n<p>El d\u00eda 8 de marzo es la fecha reconocida por la Organizaci\u00f3n de las Naciones Unidas como <strong><a href=\"http:\/\/www.un.org\/es\/events\/womensday\/history.shtml\">D\u00eda Internacional de la Mujer<\/a><\/strong>. <br><\/p>\n\n\n\n<p>Esta jornada permite unir a mujeres de distintos continentes, culturas, idiomas, y situaciones pol\u00edticas y econ\u00f3micas. En este d\u00eda, celebramos una tradici\u00f3n hist\u00f3rica de lucha por la igualdad de derechos, justicia social, paz y desarrollo que se inici\u00f3 formalmente en el siglo XVIII.<br><\/p>\n\n\n\n<p>Pero, \u00bfhas entendido realmente lo que significa todo esto del <strong>feminismo<\/strong>?<\/p>\n\n\n\n<p>El feminismo es un conjunto de movimientos sociales, pol\u00edticos y te\u00f3ricos que persiguen, entre otras cosas los siguientes objetivos:<br><\/p>\n\n\n\n<ul class=\"wp-block-list\"><li>Lograr una igualdad real de derechos entre hombres y mujeres<\/li><li>Eliminar la dominaci\u00f3n y poder de los hombres sobre las mujeres<\/li><li>Acabar con los roles de g\u00e9nero impuestos por la sociedad<\/li><\/ul>\n\n\n\n<p>Gracias a las luchas feministas, en las que han participado personas de todos los g\u00e9neros, se han logrado importantes progresos sociales a lo largo de la historia. Estos son s\u00f3lo algunos ejemplos:<br><\/p>\n\n\n\n<ul class=\"wp-block-list\"><li>El derecho de las mujeres a estudiar<\/li><li>El derecho de las mujeres a votar &nbsp;<\/li><li>El derecho de las mujeres a trabajar a cambio de un salario <\/li><li>El derecho de las mujeres a tener y gestionar su propio dinero<\/li><li>El derecho de las mujeres a decidir si quieren ser madres<\/li><li>El derecho de las mujeres a ser considerados iguales ante la ley <\/li><\/ul>\n\n\n\n<p>Todav\u00eda, a d\u00eda de hoy, las mujeres sufren discriminaci\u00f3n y abusos en todos los contextos, desde los \u201cmicromachismos\u201d m\u00e1s imperceptibles, hasta situaciones de grave injusticia social. \u00bfSe te ocurren algunos ejemplos? <\/p>\n\n\n\n<figure class=\"wp-block-embed-youtube wp-block-embed is-type-video is-provider-youtube wp-embed-aspect-16-9 wp-has-aspect-ratio\"><div class=\"wp-block-embed__wrapper\">\n<iframe width=\"840\" height=\"473\" src=\"https:\/\/www.youtube.com\/embed\/twCcKEaKpyU?feature=oembed\" frameborder=\"0\" allow=\"accelerometer; autoplay; encrypted-media; gyroscope; picture-in-picture\" allowfullscreen><\/iframe>\n<\/div><figcaption>Tik Tak Draw nos narra en este v\u00eddeo la historia sobre por qu\u00e9 celebramos el 8 de marzo.<\/figcaption><\/figure>\n","protected":false},"excerpt":{"rendered":"<p>El d\u00eda 8 de marzo es la fecha reconocida por la Organizaci\u00f3n de las Naciones Unidas como D\u00eda Internacional de la Mujer. Esta jornada permite unir a mujeres de distintos continentes, culturas, idiomas, y situaciones pol\u00edticas y econ\u00f3micas. En este d\u00eda, celebramos una tradici\u00f3n hist\u00f3rica de lucha por la igualdad de derechos, justicia social, paz &hellip; <a href=\"https:\/\/iesnavarrovilloslada.educacion.navarra.es\/web\/coeducacion\/8m\/\" class=\"more-link\">Continuar leyendo<span class=\"screen-reader-text\"> \u00ab8M\u00bb<\/span><\/a><\/p>\n","protected":false},"author":10,"featured_media":0,"parent":0,"menu_order":0,"comment_status":"closed","ping_status":"closed","template":"","meta":{"footnotes":"","_links_to":"","_links_to_target":""},"class_list":["post-50","page","type-page","status-publish","hentry"],"_links":{"self":[{"href":"https:\/\/iesnavarrovilloslada.educacion.navarra.es\/web\/coeducacion\/wp-json\/wp\/v2\/pages\/50","targetHints":{"allow":["GET"]}}],"collection":[{"href":"https:\/\/iesnavarrovilloslada.educacion.navarra.es\/web\/coeducacion\/wp-json\/wp\/v2\/pages"}],"about":[{"href":"https:\/\/iesnavarrovilloslada.educacion.navarra.es\/web\/coeducacion\/wp-json\/wp\/v2\/types\/page"}],"author":[{"embeddable":true,"href":"https:\/\/iesnavarrovilloslada.educacion.navarra.es\/web\/coeducacion\/wp-json\/wp\/v2\/users\/10"}],"replies":[{"embeddable":true,"href":"https:\/\/iesnavarrovilloslada.educacion.navarra.es\/web\/coeducacion\/wp-json\/wp\/v2\/comments?post=50"}],"version-history":[{"count":3,"href":"https:\/\/iesnavarrovilloslada.educacion.navarra.es\/web\/coeducacion\/wp-json\/wp\/v2\/pages\/50\/revisions"}],"predecessor-version":[{"id":222,"href":"https:\/\/iesnavarrovilloslada.educacion.navarra.es\/web\/coeducacion\/wp-json\/wp\/v2\/pages\/50\/revisions\/222"}],"wp:attachment":[{"href":"https:\/\/iesnavarrovilloslada.educacion.navarra.es\/web\/coeducacion\/wp-json\/wp\/v2\/media?parent=50"}],"curies":[{"name":"wp","href":"https:\/\/api.w.org\/{rel}","templated":true}]}}