{"id":49,"date":"2018-10-14T21:18:17","date_gmt":"2018-10-14T21:18:17","guid":{"rendered":"http:\/\/iesnavarrovilloslada.educacion.navarra.es\/web\/coeducacion\/?page_id=49"},"modified":"2018-12-11T16:38:09","modified_gmt":"2018-12-11T16:38:09","slug":"25n","status":"publish","type":"page","link":"https:\/\/iesnavarrovilloslada.educacion.navarra.es\/web\/coeducacion\/25n\/","title":{"rendered":"25N"},"content":{"rendered":"<p>El 25 de Noviembre es el <span style=\"color: #993366\"><strong>D\u00eda Internacional de la Eliminaci\u00f3n de la Violencia hacia las Mujeres<\/strong><\/span>. La fecha recuerda a <a href=\"https:\/\/elpais.com\/internacional\/2016\/11\/25\/actualidad\/1480069515_670615.html\">Minerva, Patria y Mar\u00eda Teresa Mirabal<\/a>, tres hermanas activistas de Rep\u00fablica Dominicana que fueron brutalmente asesinadas este d\u00eda, en 1960, por orden del dictador dominicano Rafael Le\u00f3nidas Trujillo (1930-1961).<\/p>\n<p>Durante esta jornada se recuerda que la violencia hacia las mujeres y las ni\u00f1as es un problema gravemente extendido y persistente en el mundo, que abarca agresiones f\u00edsicas,\u00a0maltrato psicol\u00f3gico, violaciones y abusos sexuales, trata, mutilaci\u00f3n genital, matrimonio infantil y forzado, y un devastador y largo etc.<\/p>\n<p>En nuestro centro, nos unimos a la reivindicaci\u00f3n del 25N para educar en la necesidad de construir un mundo libre de violencia hacia las mujeres y las ni\u00f1as.<\/p>\n<p>Puedes leer m\u00e1s informaci\u00f3n sobre el tema <a href=\"http:\/\/www.un.org\/es\/events\/endviolenceday\/index.shtml\">aqu\u00ed<\/a> o <a href=\"http:\/\/www.un.org\/es\/events\/endviolenceday\/background.shtml\">aqu\u00ed<\/a>.<\/p>\n","protected":false},"excerpt":{"rendered":"<p>El 25 de Noviembre es el D\u00eda Internacional de la Eliminaci\u00f3n de la Violencia hacia las Mujeres. La fecha recuerda a Minerva, Patria y Mar\u00eda Teresa Mirabal, tres hermanas activistas de Rep\u00fablica Dominicana que fueron brutalmente asesinadas este d\u00eda, en 1960, por orden del dictador dominicano Rafael Le\u00f3nidas Trujillo (1930-1961). Durante esta jornada se recuerda &hellip; <a href=\"https:\/\/iesnavarrovilloslada.educacion.navarra.es\/web\/coeducacion\/25n\/\" class=\"more-link\">Continuar leyendo<span class=\"screen-reader-text\"> \u00ab25N\u00bb<\/span><\/a><\/p>\n","protected":false},"author":10,"featured_media":0,"parent":0,"menu_order":0,"comment_status":"closed","ping_status":"closed","template":"","meta":{"footnotes":"","_links_to":"","_links_to_target":""},"class_list":["post-49","page","type-page","status-publish","hentry"],"_links":{"self":[{"href":"https:\/\/iesnavarrovilloslada.educacion.navarra.es\/web\/coeducacion\/wp-json\/wp\/v2\/pages\/49","targetHints":{"allow":["GET"]}}],"collection":[{"href":"https:\/\/iesnavarrovilloslada.educacion.navarra.es\/web\/coeducacion\/wp-json\/wp\/v2\/pages"}],"about":[{"href":"https:\/\/iesnavarrovilloslada.educacion.navarra.es\/web\/coeducacion\/wp-json\/wp\/v2\/types\/page"}],"author":[{"embeddable":true,"href":"https:\/\/iesnavarrovilloslada.educacion.navarra.es\/web\/coeducacion\/wp-json\/wp\/v2\/users\/10"}],"replies":[{"embeddable":true,"href":"https:\/\/iesnavarrovilloslada.educacion.navarra.es\/web\/coeducacion\/wp-json\/wp\/v2\/comments?post=49"}],"version-history":[{"count":4,"href":"https:\/\/iesnavarrovilloslada.educacion.navarra.es\/web\/coeducacion\/wp-json\/wp\/v2\/pages\/49\/revisions"}],"predecessor-version":[{"id":190,"href":"https:\/\/iesnavarrovilloslada.educacion.navarra.es\/web\/coeducacion\/wp-json\/wp\/v2\/pages\/49\/revisions\/190"}],"wp:attachment":[{"href":"https:\/\/iesnavarrovilloslada.educacion.navarra.es\/web\/coeducacion\/wp-json\/wp\/v2\/media?parent=49"}],"curies":[{"name":"wp","href":"https:\/\/api.w.org\/{rel}","templated":true}]}}