{"id":114,"date":"2018-10-18T17:16:31","date_gmt":"2018-10-18T17:16:31","guid":{"rendered":"http:\/\/iesnavarrovilloslada.educacion.navarra.es\/web\/coeducacion\/?page_id=114"},"modified":"2019-02-14T08:23:34","modified_gmt":"2019-02-14T08:23:34","slug":"14f","status":"publish","type":"page","link":"https:\/\/iesnavarrovilloslada.educacion.navarra.es\/web\/coeducacion\/14f\/","title":{"rendered":"14F"},"content":{"rendered":"\n<p>Cada 14 de febrero llega el conocido D\u00eda de San Valent\u00edn, que tiene su origen en la Antigua Roma, y en el que se conmemora la importancia del amor.<\/p>\n\n\n\n<p>La ocasi\u00f3n es perfecta para demostrar y celebrar nuestros sentimientos hacia las personas a quienes queremos. Sin embargo, y especialmente en este d\u00eda, los programas de televisi\u00f3n, las redes sociales, los escaparates, y los mensajes que nos rodean reflejan a menudo una visi\u00f3n estereotipada e incluso t\u00f3xica de las relaciones amorosas.<\/p>\n\n\n\n<p>Se trata de un d\u00eda en el que podemos comprobar c\u00f3mo nuestra sociedad est\u00e1 impregnada del concepto del amor rom\u00e1ntico: una serie de creencias y mitos extendidos a trav\u00e9s del cine, la m\u00fasica, la literatura o los medios de comunicaci\u00f3n. Se trata de una colecci\u00f3n de ideas falsas, que a pesar de ser simplificaciones de la realidad, tendemos a considerar verdaderas. Estos t\u00f3picos afectan de manera perjudicial a nuestra vida y a nuestra manera de entender el amor. Por este motivo es importante identificar y desmontar los mitos sobre las relaciones amorosas, as\u00ed como reflexionar sobre las alternativas \u00e9ticas y sanas de amar.<\/p>\n\n\n\n<figure class=\"wp-block-embed-youtube wp-block-embed is-type-video is-provider-youtube wp-embed-aspect-16-9 wp-has-aspect-ratio\"><div class=\"wp-block-embed__wrapper\">\n<iframe width=\"840\" height=\"473\" src=\"https:\/\/www.youtube.com\/embed\/2hrtObEhXUg?feature=oembed\" frameborder=\"0\" allow=\"accelerometer; autoplay; encrypted-media; gyroscope; picture-in-picture\" allowfullscreen><\/iframe>\n<\/div><figcaption>Para fomentar un amor positivo y sano, proponemos esta canci\u00f3n de La Otra: \u00abContigo\u00bb .<\/figcaption><\/figure>\n","protected":false},"excerpt":{"rendered":"<p>Cada 14 de febrero llega el conocido D\u00eda de San Valent\u00edn, que tiene su origen en la Antigua Roma, y en el que se conmemora la importancia del amor. La ocasi\u00f3n es perfecta para demostrar y celebrar nuestros sentimientos hacia las personas a quienes queremos. Sin embargo, y especialmente en este d\u00eda, los programas de &hellip; <a href=\"https:\/\/iesnavarrovilloslada.educacion.navarra.es\/web\/coeducacion\/14f\/\" class=\"more-link\">Continuar leyendo<span class=\"screen-reader-text\"> \u00ab14F\u00bb<\/span><\/a><\/p>\n","protected":false},"author":10,"featured_media":0,"parent":0,"menu_order":0,"comment_status":"closed","ping_status":"closed","template":"","meta":{"footnotes":"","_links_to":"","_links_to_target":""},"class_list":["post-114","page","type-page","status-publish","hentry"],"_links":{"self":[{"href":"https:\/\/iesnavarrovilloslada.educacion.navarra.es\/web\/coeducacion\/wp-json\/wp\/v2\/pages\/114","targetHints":{"allow":["GET"]}}],"collection":[{"href":"https:\/\/iesnavarrovilloslada.educacion.navarra.es\/web\/coeducacion\/wp-json\/wp\/v2\/pages"}],"about":[{"href":"https:\/\/iesnavarrovilloslada.educacion.navarra.es\/web\/coeducacion\/wp-json\/wp\/v2\/types\/page"}],"author":[{"embeddable":true,"href":"https:\/\/iesnavarrovilloslada.educacion.navarra.es\/web\/coeducacion\/wp-json\/wp\/v2\/users\/10"}],"replies":[{"embeddable":true,"href":"https:\/\/iesnavarrovilloslada.educacion.navarra.es\/web\/coeducacion\/wp-json\/wp\/v2\/comments?post=114"}],"version-history":[{"count":4,"href":"https:\/\/iesnavarrovilloslada.educacion.navarra.es\/web\/coeducacion\/wp-json\/wp\/v2\/pages\/114\/revisions"}],"predecessor-version":[{"id":206,"href":"https:\/\/iesnavarrovilloslada.educacion.navarra.es\/web\/coeducacion\/wp-json\/wp\/v2\/pages\/114\/revisions\/206"}],"wp:attachment":[{"href":"https:\/\/iesnavarrovilloslada.educacion.navarra.es\/web\/coeducacion\/wp-json\/wp\/v2\/media?parent=114"}],"curies":[{"name":"wp","href":"https:\/\/api.w.org\/{rel}","templated":true}]}}