{"id":58,"date":"2023-11-30T15:07:52","date_gmt":"2023-11-30T15:07:52","guid":{"rendered":"https:\/\/iesnavarrovilloslada.educacion.navarra.es\/web\/cas\/?page_id=58"},"modified":"2024-03-09T14:07:15","modified_gmt":"2024-03-09T14:07:15","slug":"quienes-somos","status":"publish","type":"page","link":"https:\/\/iesnavarrovilloslada.educacion.navarra.es\/web\/cas\/quienes-somos\/","title":{"rendered":"\u00bfQui\u00e9nes somos?"},"content":{"rendered":"\t\t<div data-elementor-type=\"wp-page\" data-elementor-id=\"58\" class=\"elementor elementor-58\" data-elementor-post-type=\"page\">\n\t\t\t\t\t\t\t<div class=\"elementor-element elementor-element-3f7adfb e-con-full e-flex e-con e-parent\" data-id=\"3f7adfb\" data-element_type=\"container\" data-settings=\"{&quot;content_width&quot;:&quot;full&quot;}\" data-core-v316-plus=\"true\">\n\t\t\t\t<div class=\"elementor-element elementor-element-5850b07 elementor-widget elementor-widget-text-editor\" data-id=\"5850b07\" data-element_type=\"widget\" data-widget_type=\"text-editor.default\">\n\t\t\t\t<div class=\"elementor-widget-container\">\n\t\t\t<style>\/*! elementor - v3.18.0 - 20-12-2023 *\/\n.elementor-widget-text-editor.elementor-drop-cap-view-stacked .elementor-drop-cap{background-color:#69727d;color:#fff}.elementor-widget-text-editor.elementor-drop-cap-view-framed .elementor-drop-cap{color:#69727d;border:3px solid;background-color:transparent}.elementor-widget-text-editor:not(.elementor-drop-cap-view-default) .elementor-drop-cap{margin-top:8px}.elementor-widget-text-editor:not(.elementor-drop-cap-view-default) .elementor-drop-cap-letter{width:1em;height:1em}.elementor-widget-text-editor .elementor-drop-cap{float:left;text-align:center;line-height:1;font-size:50px}.elementor-widget-text-editor .elementor-drop-cap-letter{display:inline-block}<\/style>\t\t\t\t<span style=\"font-weight: 400;width=100%\">\u00a1Bienvenid@s al blog de CAS! Un espacio donde compartir y conocer experiencias CAS: Creatividad, Actividad y Servicio. Somos la generaci\u00f3n 23-25 del Bachillerato Internacional del IES Navarro Villoslada y nuestro objetivo es ofrecer a los estudiantes IB un espacio colaborativo donde participar aportando sus propias perspectivas de diferentes actividades CAS. Adem\u00e1s de los estudiantes IB, cualquier persona interesada es bienvenida, ya que pretendemos dar visibilidad a la gran experiencia que es CAS, algo que se cree que es \u00fanicamente de los estudiantes IB pero que cualquier persona puede realizar.\u00a0<\/span>\t\t\t\t\t\t<\/div>\n\t\t\t\t<\/div>\n\t\t\t\t<div class=\"elementor-element elementor-element-5b09e2d elementor-widget-divider--view-line elementor-widget elementor-widget-divider\" data-id=\"5b09e2d\" data-element_type=\"widget\" data-widget_type=\"divider.default\">\n\t\t\t\t<div class=\"elementor-widget-container\">\n\t\t\t<style>\/*! elementor - v3.18.0 - 20-12-2023 *\/\n.elementor-widget-divider{--divider-border-style:none;--divider-border-width:1px;--divider-color:#0c0d0e;--divider-icon-size:20px;--divider-element-spacing:10px;--divider-pattern-height:24px;--divider-pattern-size:20px;--divider-pattern-url:none;--divider-pattern-repeat:repeat-x}.elementor-widget-divider .elementor-divider{display:flex}.elementor-widget-divider .elementor-divider__text{font-size:15px;line-height:1;max-width:95%}.elementor-widget-divider .elementor-divider__element{margin:0 var(--divider-element-spacing);flex-shrink:0}.elementor-widget-divider .elementor-icon{font-size:var(--divider-icon-size)}.elementor-widget-divider .elementor-divider-separator{display:flex;margin:0;direction:ltr}.elementor-widget-divider--view-line_icon .elementor-divider-separator,.elementor-widget-divider--view-line_text .elementor-divider-separator{align-items:center}.elementor-widget-divider--view-line_icon .elementor-divider-separator:after,.elementor-widget-divider--view-line_icon .elementor-divider-separator:before,.elementor-widget-divider--view-line_text .elementor-divider-separator:after,.elementor-widget-divider--view-line_text .elementor-divider-separator:before{display:block;content:\"\";border-bottom:0;flex-grow:1;border-top:var(--divider-border-width) var(--divider-border-style) var(--divider-color)}.elementor-widget-divider--element-align-left .elementor-divider .elementor-divider-separator>.elementor-divider__svg:first-of-type{flex-grow:0;flex-shrink:100}.elementor-widget-divider--element-align-left .elementor-divider-separator:before{content:none}.elementor-widget-divider--element-align-left .elementor-divider__element{margin-left:0}.elementor-widget-divider--element-align-right .elementor-divider .elementor-divider-separator>.elementor-divider__svg:last-of-type{flex-grow:0;flex-shrink:100}.elementor-widget-divider--element-align-right .elementor-divider-separator:after{content:none}.elementor-widget-divider--element-align-right .elementor-divider__element{margin-right:0}.elementor-widget-divider:not(.elementor-widget-divider--view-line_text):not(.elementor-widget-divider--view-line_icon) .elementor-divider-separator{border-top:var(--divider-border-width) var(--divider-border-style) var(--divider-color)}.elementor-widget-divider--separator-type-pattern{--divider-border-style:none}.elementor-widget-divider--separator-type-pattern.elementor-widget-divider--view-line .elementor-divider-separator,.elementor-widget-divider--separator-type-pattern:not(.elementor-widget-divider--view-line) .elementor-divider-separator:after,.elementor-widget-divider--separator-type-pattern:not(.elementor-widget-divider--view-line) .elementor-divider-separator:before,.elementor-widget-divider--separator-type-pattern:not([class*=elementor-widget-divider--view]) .elementor-divider-separator{width:100%;min-height:var(--divider-pattern-height);-webkit-mask-size:var(--divider-pattern-size) 100%;mask-size:var(--divider-pattern-size) 100%;-webkit-mask-repeat:var(--divider-pattern-repeat);mask-repeat:var(--divider-pattern-repeat);background-color:var(--divider-color);-webkit-mask-image:var(--divider-pattern-url);mask-image:var(--divider-pattern-url)}.elementor-widget-divider--no-spacing{--divider-pattern-size:auto}.elementor-widget-divider--bg-round{--divider-pattern-repeat:round}.rtl .elementor-widget-divider .elementor-divider__text{direction:rtl}.e-con-inner>.elementor-widget-divider,.e-con>.elementor-widget-divider{width:var(--container-widget-width,100%);--flex-grow:var(--container-widget-flex-grow)}<\/style>\t\t<div class=\"elementor-divider\">\n\t\t\t<span class=\"elementor-divider-separator\">\n\t\t\t\t\t\t<\/span>\n\t\t<\/div>\n\t\t\t\t<\/div>\n\t\t\t\t<\/div>\n\t\t\t\t<\/div>\n\t\t<div class=\"elementor-element elementor-element-3906a7f e-flex e-con-boxed e-con e-parent\" data-id=\"3906a7f\" data-element_type=\"container\" data-settings=\"{&quot;content_width&quot;:&quot;boxed&quot;}\" data-core-v316-plus=\"true\">\n\t\t\t\t\t<div class=\"e-con-inner\">\n\t\t\t\t<div class=\"elementor-element elementor-element-e2a7207 elementor-widget elementor-widget-toggle\" data-id=\"e2a7207\" data-element_type=\"widget\" data-widget_type=\"toggle.default\">\n\t\t\t\t<div class=\"elementor-widget-container\">\n\t\t\t<style>\/*! elementor - v3.18.0 - 20-12-2023 *\/\n.elementor-toggle{text-align:left}.elementor-toggle .elementor-tab-title{font-weight:700;line-height:1;margin:0;padding:15px;border-bottom:1px solid #d5d8dc;cursor:pointer;outline:none}.elementor-toggle .elementor-tab-title .elementor-toggle-icon{display:inline-block;width:1em}.elementor-toggle .elementor-tab-title .elementor-toggle-icon svg{margin-inline-start:-5px;width:1em;height:1em}.elementor-toggle .elementor-tab-title .elementor-toggle-icon.elementor-toggle-icon-right{float:right;text-align:right}.elementor-toggle .elementor-tab-title .elementor-toggle-icon.elementor-toggle-icon-left{float:left;text-align:left}.elementor-toggle .elementor-tab-title .elementor-toggle-icon .elementor-toggle-icon-closed{display:block}.elementor-toggle .elementor-tab-title .elementor-toggle-icon .elementor-toggle-icon-opened{display:none}.elementor-toggle .elementor-tab-title.elementor-active{border-bottom:none}.elementor-toggle .elementor-tab-title.elementor-active .elementor-toggle-icon-closed{display:none}.elementor-toggle .elementor-tab-title.elementor-active .elementor-toggle-icon-opened{display:block}.elementor-toggle .elementor-tab-content{padding:15px;border-bottom:1px solid #d5d8dc;display:none}@media (max-width:767px){.elementor-toggle .elementor-tab-title{padding:12px}.elementor-toggle .elementor-tab-content{padding:12px 10px}}.e-con-inner>.elementor-widget-toggle,.e-con>.elementor-widget-toggle{width:var(--container-widget-width);--flex-grow:var(--container-widget-flex-grow)}<\/style>\t\t<div class=\"elementor-toggle\">\n\t\t\t\t\t\t\t<div class=\"elementor-toggle-item\">\n\t\t\t\t\t<div id=\"elementor-tab-title-2371\" class=\"elementor-tab-title\" data-tab=\"1\" role=\"button\" aria-controls=\"elementor-tab-content-2371\" aria-expanded=\"false\">\n\t\t\t\t\t\t\t\t\t\t\t\t<span class=\"elementor-toggle-icon elementor-toggle-icon-left\" aria-hidden=\"true\">\n\t\t\t\t\t\t\t\t\t\t\t\t\t\t\t<span class=\"elementor-toggle-icon-closed\"><svg class=\"e-font-icon-svg e-fas-caret-right\" viewBox=\"0 0 192 512\" xmlns=\"http:\/\/www.w3.org\/2000\/svg\"><path d=\"M0 384.662V127.338c0-17.818 21.543-26.741 34.142-14.142l128.662 128.662c7.81 7.81 7.81 20.474 0 28.284L34.142 398.804C21.543 411.404 0 402.48 0 384.662z\"><\/path><\/svg><\/span>\n\t\t\t\t\t\t\t\t<span class=\"elementor-toggle-icon-opened\"><svg class=\"elementor-toggle-icon-opened e-font-icon-svg e-fas-caret-up\" viewBox=\"0 0 320 512\" xmlns=\"http:\/\/www.w3.org\/2000\/svg\"><path d=\"M288.662 352H31.338c-17.818 0-26.741-21.543-14.142-34.142l128.662-128.662c7.81-7.81 20.474-7.81 28.284 0l128.662 128.662c12.6 12.599 3.676 34.142-14.142 34.142z\"><\/path><\/svg><\/span>\n\t\t\t\t\t\t\t\t\t\t\t\t\t<\/span>\n\t\t\t\t\t\t\t\t\t\t\t\t<a class=\"elementor-toggle-title\" tabindex=\"0\">\u00bfQu\u00e9 es el Bachillerato Internacional (IB)?\u200b<\/a>\n\t\t\t\t\t<\/div>\n\n\t\t\t\t\t<div id=\"elementor-tab-content-2371\" class=\"elementor-tab-content elementor-clearfix\" data-tab=\"1\" role=\"region\" aria-labelledby=\"elementor-tab-title-2371\"><p><img fetchpriority=\"high\" decoding=\"async\" class=\" wp-image-123 alignright\" src=\"https:\/\/iesnavarrovilloslada.educacion.navarra.es\/web\/cas\/wp-content\/uploads\/sites\/6\/2023\/12\/image-1-300x300.jpg\" alt=\"\" width=\"308\" height=\"308\" srcset=\"https:\/\/iesnavarrovilloslada.educacion.navarra.es\/web\/cas\/wp-content\/uploads\/sites\/6\/2023\/12\/image-1-300x300.jpg 300w, https:\/\/iesnavarrovilloslada.educacion.navarra.es\/web\/cas\/wp-content\/uploads\/sites\/6\/2023\/12\/image-1-150x150.jpg 150w, https:\/\/iesnavarrovilloslada.educacion.navarra.es\/web\/cas\/wp-content\/uploads\/sites\/6\/2023\/12\/image-1-768x768.jpg 768w, https:\/\/iesnavarrovilloslada.educacion.navarra.es\/web\/cas\/wp-content\/uploads\/sites\/6\/2023\/12\/image-1-45x45.jpg 45w, https:\/\/iesnavarrovilloslada.educacion.navarra.es\/web\/cas\/wp-content\/uploads\/sites\/6\/2023\/12\/image-1-65x65.jpg 65w, https:\/\/iesnavarrovilloslada.educacion.navarra.es\/web\/cas\/wp-content\/uploads\/sites\/6\/2023\/12\/image-1.jpg 1024w\" sizes=\"(max-width: 308px) 100vw, 308px\" \/>El Bachillerato Internacional (IB) es un programa educativo reconocido a nivel mundial, dise\u00f1ado para estudiantes entre 16 y 19 a\u00f1os. Fundado en 1968, el objetivo del IB es desarrollar j\u00f3venes inquisitivos, conocedores y compasivos que contribuyan a crear un mundo mejor y m\u00e1s pac\u00edfico a trav\u00e9s de la comprensi\u00f3n intercultural y el respeto.<\/p><p>El Programa del Diploma del IB, su oferta m\u00e1s conocida, es un curso de dos a\u00f1os que se destaca por su rigor acad\u00e9mico y su enfoque hol\u00edstico, ya que se centra tambi\u00e9n en el desarrollo emocional y personal de los estudiantes: fomenta el pensamiento cr\u00edtico, la investigaci\u00f3n independiente, y la empat\u00eda cultural. Dada su educaci\u00f3n integral, prepara a los estudiantes no solo para el \u00e9xito universitario, sino tambi\u00e9n para ser ciudadanos globales responsables. Los estudiantes del IB estudian una gama de asignaturas desde ciencias hasta artes, manteniendo un equilibrio entre las diferentes \u00e1reas del conocimiento.<\/p><\/div>\n\t\t\t\t<\/div>\n\t\t\t\t\t\t\t<div class=\"elementor-toggle-item\">\n\t\t\t\t\t<div id=\"elementor-tab-title-2372\" class=\"elementor-tab-title\" data-tab=\"2\" role=\"button\" aria-controls=\"elementor-tab-content-2372\" aria-expanded=\"false\">\n\t\t\t\t\t\t\t\t\t\t\t\t<span class=\"elementor-toggle-icon elementor-toggle-icon-left\" aria-hidden=\"true\">\n\t\t\t\t\t\t\t\t\t\t\t\t\t\t\t<span class=\"elementor-toggle-icon-closed\"><svg class=\"e-font-icon-svg e-fas-caret-right\" viewBox=\"0 0 192 512\" xmlns=\"http:\/\/www.w3.org\/2000\/svg\"><path d=\"M0 384.662V127.338c0-17.818 21.543-26.741 34.142-14.142l128.662 128.662c7.81 7.81 7.81 20.474 0 28.284L34.142 398.804C21.543 411.404 0 402.48 0 384.662z\"><\/path><\/svg><\/span>\n\t\t\t\t\t\t\t\t<span class=\"elementor-toggle-icon-opened\"><svg class=\"elementor-toggle-icon-opened e-font-icon-svg e-fas-caret-up\" viewBox=\"0 0 320 512\" xmlns=\"http:\/\/www.w3.org\/2000\/svg\"><path d=\"M288.662 352H31.338c-17.818 0-26.741-21.543-14.142-34.142l128.662-128.662c7.81-7.81 20.474-7.81 28.284 0l128.662 128.662c12.6 12.599 3.676 34.142-14.142 34.142z\"><\/path><\/svg><\/span>\n\t\t\t\t\t\t\t\t\t\t\t\t\t<\/span>\n\t\t\t\t\t\t\t\t\t\t\t\t<a class=\"elementor-toggle-title\" tabindex=\"0\">\u00bfQu\u00e9 es CAS (Creatividad, Actividad y Servicio)?\u200b<\/a>\n\t\t\t\t\t<\/div>\n\n\t\t\t\t\t<div id=\"elementor-tab-content-2372\" class=\"elementor-tab-content elementor-clearfix\" data-tab=\"2\" role=\"region\" aria-labelledby=\"elementor-tab-title-2372\"><p><span style=\"font-weight: 400;\">Entre las marcas distintivas del IB, como Teor\u00eda del Conocimiento o la monograf\u00eda, se encuentra CAS, por las siglas de Creatividad, Actividad y Servicio. CAS es un componente del IB que requiere que los estudiantes se involucren en actividades art\u00edsticas, deportivas y de servicio comunitario, promoviendo el aprendizaje fuera del aula.<\/span><\/p><p><img decoding=\"async\" class=\"wp-image-182 alignleft\" src=\"https:\/\/iesnavarrovilloslada.educacion.navarra.es\/web\/cas\/wp-content\/uploads\/sites\/6\/2023\/12\/2BVtrnkKTecKiQcASQgqUg-300x300.jpg\" alt=\"\" width=\"364\" height=\"364\" srcset=\"https:\/\/iesnavarrovilloslada.educacion.navarra.es\/web\/cas\/wp-content\/uploads\/sites\/6\/2023\/12\/2BVtrnkKTecKiQcASQgqUg-300x300.jpg 300w, https:\/\/iesnavarrovilloslada.educacion.navarra.es\/web\/cas\/wp-content\/uploads\/sites\/6\/2023\/12\/2BVtrnkKTecKiQcASQgqUg-1024x1024.jpg 1024w, https:\/\/iesnavarrovilloslada.educacion.navarra.es\/web\/cas\/wp-content\/uploads\/sites\/6\/2023\/12\/2BVtrnkKTecKiQcASQgqUg-150x150.jpg 150w, https:\/\/iesnavarrovilloslada.educacion.navarra.es\/web\/cas\/wp-content\/uploads\/sites\/6\/2023\/12\/2BVtrnkKTecKiQcASQgqUg-768x768.jpg 768w, https:\/\/iesnavarrovilloslada.educacion.navarra.es\/web\/cas\/wp-content\/uploads\/sites\/6\/2023\/12\/2BVtrnkKTecKiQcASQgqUg-1536x1536.jpg 1536w, https:\/\/iesnavarrovilloslada.educacion.navarra.es\/web\/cas\/wp-content\/uploads\/sites\/6\/2023\/12\/2BVtrnkKTecKiQcASQgqUg-1568x1568.jpg 1568w, https:\/\/iesnavarrovilloslada.educacion.navarra.es\/web\/cas\/wp-content\/uploads\/sites\/6\/2023\/12\/2BVtrnkKTecKiQcASQgqUg-45x45.jpg 45w, https:\/\/iesnavarrovilloslada.educacion.navarra.es\/web\/cas\/wp-content\/uploads\/sites\/6\/2023\/12\/2BVtrnkKTecKiQcASQgqUg-65x65.jpg 65w, https:\/\/iesnavarrovilloslada.educacion.navarra.es\/web\/cas\/wp-content\/uploads\/sites\/6\/2023\/12\/2BVtrnkKTecKiQcASQgqUg.jpg 2048w\" sizes=\"(max-width: 364px) 100vw, 364px\" \/><\/p><p><span style=\"font-weight: 400;\">La experiencia de CAS es \u00fanica para cada estudiante, ya que ofrece la oportunidad de explorar intereses personales, desarrollar habilidades y contribuir de manera significativa a la comunidad.\u00a0<\/span><\/p><p><span style=\"font-weight: 400;\">La secci\u00f3n de creatividad en CAS nos permite descubrir y desarrollar la creatividad, expresando nuestros pensamientos y emociones de maneras distintas. La parte de actividad nos ayuda a mejorar nuestra salud y bienestar personal y desarrollar habilidades de trabajo en equipo, disciplina y resiliencia a trav\u00e9s de actividades como deportes en equipo. La secci\u00f3n de servicio es una oportunidad para contribuir positivamente a la comunidad desde trabajando en proyectos medioambientales hasta participando en iniciativas sociales.<\/span><\/p><p><span style=\"font-weight: 400;\">Por \u00faltimo, un aspecto fundamental de CAS es la reflexi\u00f3n constante. Despu\u00e9s de cada actividad, nos tomamos el tiempo para evaluar y reflexionar sobre lo que hemos aprendido, c\u00f3mo hemos crecido como personas y c\u00f3mo podemos aplicar esas experiencias en nuestra vida cotidiana. En resumen, CAS no es solo una serie de actividades necesarias en el Programa IB; es un viaje personal en el que nos conocemos como personas, desarrollamos habilidades que nunca cre\u00edmos que podr\u00edamos tener, y ganamos recuerdos\u00a0 inolvidables junto a las personas que nos acompa\u00f1an en esta experiencia.<\/span><\/p><\/div>\n\t\t\t\t<\/div>\n\t\t\t\t\t\t\t\t<\/div>\n\t\t\t\t<\/div>\n\t\t\t\t<\/div>\n\t\t\t\t<div class=\"elementor-element elementor-element-980843c elementor-widget-divider--view-line elementor-widget elementor-widget-divider\" data-id=\"980843c\" data-element_type=\"widget\" data-widget_type=\"divider.default\">\n\t\t\t\t<div class=\"elementor-widget-container\">\n\t\t\t\t\t<div class=\"elementor-divider\">\n\t\t\t<span class=\"elementor-divider-separator\">\n\t\t\t\t\t\t<\/span>\n\t\t<\/div>\n\t\t\t\t<\/div>\n\t\t\t\t<\/div>\n\t\t\t\t\t<\/div>\n\t\t\t\t<\/div>\n\t\t<div class=\"elementor-element elementor-element-6612718 e-flex e-con-boxed e-con e-parent\" data-id=\"6612718\" data-element_type=\"container\" data-settings=\"{&quot;content_width&quot;:&quot;boxed&quot;}\" data-core-v316-plus=\"true\">\n\t\t\t\t\t<div class=\"e-con-inner\">\n\t\t<div class=\"elementor-element elementor-element-1ac0872 e-con-full e-flex e-con e-child\" data-id=\"1ac0872\" data-element_type=\"container\" data-settings=\"{&quot;content_width&quot;:&quot;full&quot;}\">\n\t\t\t\t<div class=\"elementor-element elementor-element-2a5262f elementor-widget elementor-widget-heading\" data-id=\"2a5262f\" data-element_type=\"widget\" data-widget_type=\"heading.default\">\n\t\t\t\t<div class=\"elementor-widget-container\">\n\t\t\t<style>\/*! elementor - v3.18.0 - 20-12-2023 *\/\n.elementor-heading-title{padding:0;margin:0;line-height:1}.elementor-widget-heading .elementor-heading-title[class*=elementor-size-]>a{color:inherit;font-size:inherit;line-height:inherit}.elementor-widget-heading .elementor-heading-title.elementor-size-small{font-size:15px}.elementor-widget-heading .elementor-heading-title.elementor-size-medium{font-size:19px}.elementor-widget-heading .elementor-heading-title.elementor-size-large{font-size:29px}.elementor-widget-heading .elementor-heading-title.elementor-size-xl{font-size:39px}.elementor-widget-heading .elementor-heading-title.elementor-size-xxl{font-size:59px}<\/style><h2 class=\"elementor-heading-title elementor-size-default\">El equipo de organizaci\u00f3n<\/h2>\t\t<\/div>\n\t\t\t\t<\/div>\n\t\t\t\t<div class=\"elementor-element elementor-element-6744af0 elementor-widget elementor-widget-image\" data-id=\"6744af0\" data-element_type=\"widget\" data-widget_type=\"image.default\">\n\t\t\t\t<div class=\"elementor-widget-container\">\n\t\t\t<style>\/*! elementor - v3.18.0 - 20-12-2023 *\/\n.elementor-widget-image{text-align:center}.elementor-widget-image a{display:inline-block}.elementor-widget-image a img[src$=\".svg\"]{width:48px}.elementor-widget-image img{vertical-align:middle;display:inline-block}<\/style>\t\t\t\t\t\t\t\t\t\t\t\t<img decoding=\"async\" width=\"1536\" height=\"1152\" src=\"https:\/\/iesnavarrovilloslada.educacion.navarra.es\/web\/cas\/wp-content\/uploads\/sites\/6\/2024\/03\/1709757620242-1536x1152.jpg\" class=\"attachment-1536x1536 size-1536x1536 wp-image-591\" alt=\"\" srcset=\"https:\/\/iesnavarrovilloslada.educacion.navarra.es\/web\/cas\/wp-content\/uploads\/sites\/6\/2024\/03\/1709757620242-1536x1152.jpg 1536w, https:\/\/iesnavarrovilloslada.educacion.navarra.es\/web\/cas\/wp-content\/uploads\/sites\/6\/2024\/03\/1709757620242-300x225.jpg 300w, https:\/\/iesnavarrovilloslada.educacion.navarra.es\/web\/cas\/wp-content\/uploads\/sites\/6\/2024\/03\/1709757620242-1024x768.jpg 1024w, https:\/\/iesnavarrovilloslada.educacion.navarra.es\/web\/cas\/wp-content\/uploads\/sites\/6\/2024\/03\/1709757620242-768x576.jpg 768w, https:\/\/iesnavarrovilloslada.educacion.navarra.es\/web\/cas\/wp-content\/uploads\/sites\/6\/2024\/03\/1709757620242-1568x1176.jpg 1568w, https:\/\/iesnavarrovilloslada.educacion.navarra.es\/web\/cas\/wp-content\/uploads\/sites\/6\/2024\/03\/1709757620242-320x240.jpg 320w, https:\/\/iesnavarrovilloslada.educacion.navarra.es\/web\/cas\/wp-content\/uploads\/sites\/6\/2024\/03\/1709757620242.jpg 1600w\" sizes=\"(max-width: 34.9rem) calc(100vw - 2rem), (max-width: 53rem) calc(8 * (100vw \/ 12)), (min-width: 53rem) calc(6 * (100vw \/ 12)), 100vw\" \/>\t\t\t\t\t\t\t\t\t\t\t\t\t\t\t<\/div>\n\t\t\t\t<\/div>\n\t\t\t\t<div class=\"elementor-element elementor-element-b746577 elementor-widget elementor-widget-image\" data-id=\"b746577\" data-element_type=\"widget\" data-widget_type=\"image.default\">\n\t\t\t\t<div class=\"elementor-widget-container\">\n\t\t\t\t\t\t\t\t\t\t\t\t\t\t\t<img loading=\"lazy\" decoding=\"async\" width=\"640\" height=\"480\" src=\"https:\/\/iesnavarrovilloslada.educacion.navarra.es\/web\/cas\/wp-content\/uploads\/sites\/6\/2024\/03\/IMG-20240306-WA0022-2.jpeg\" class=\"attachment-large size-large wp-image-636\" alt=\"\" srcset=\"https:\/\/iesnavarrovilloslada.educacion.navarra.es\/web\/cas\/wp-content\/uploads\/sites\/6\/2024\/03\/IMG-20240306-WA0022-2.jpeg 640w, https:\/\/iesnavarrovilloslada.educacion.navarra.es\/web\/cas\/wp-content\/uploads\/sites\/6\/2024\/03\/IMG-20240306-WA0022-2-300x225.jpeg 300w, https:\/\/iesnavarrovilloslada.educacion.navarra.es\/web\/cas\/wp-content\/uploads\/sites\/6\/2024\/03\/IMG-20240306-WA0022-2-320x240.jpeg 320w\" sizes=\"(max-width: 34.9rem) calc(100vw - 2rem), (max-width: 53rem) calc(8 * (100vw \/ 12)), (min-width: 53rem) calc(6 * (100vw \/ 12)), 100vw\" \/>\t\t\t\t\t\t\t\t\t\t\t\t\t\t\t<\/div>\n\t\t\t\t<\/div>\n\t\t\t\t<\/div>\n\t\t\t\t<div class=\"elementor-element elementor-element-60f4908 elementor-widget__width-initial elementor-widget elementor-widget-spacer\" data-id=\"60f4908\" data-element_type=\"widget\" data-widget_type=\"spacer.default\">\n\t\t\t\t<div class=\"elementor-widget-container\">\n\t\t\t<style>\/*! elementor - v3.18.0 - 20-12-2023 *\/\n.elementor-column .elementor-spacer-inner{height:var(--spacer-size)}.e-con{--container-widget-width:100%}.e-con-inner>.elementor-widget-spacer,.e-con>.elementor-widget-spacer{width:var(--container-widget-width,var(--spacer-size));--align-self:var(--container-widget-align-self,initial);--flex-shrink:0}.e-con-inner>.elementor-widget-spacer>.elementor-widget-container,.e-con>.elementor-widget-spacer>.elementor-widget-container{height:100%;width:100%}.e-con-inner>.elementor-widget-spacer>.elementor-widget-container>.elementor-spacer,.e-con>.elementor-widget-spacer>.elementor-widget-container>.elementor-spacer{height:100%}.e-con-inner>.elementor-widget-spacer>.elementor-widget-container>.elementor-spacer>.elementor-spacer-inner,.e-con>.elementor-widget-spacer>.elementor-widget-container>.elementor-spacer>.elementor-spacer-inner{height:var(--container-widget-height,var(--spacer-size))}.e-con-inner>.elementor-widget-spacer.elementor-widget-empty,.e-con>.elementor-widget-spacer.elementor-widget-empty{position:relative;min-height:22px;min-width:22px}.e-con-inner>.elementor-widget-spacer.elementor-widget-empty .elementor-widget-empty-icon,.e-con>.elementor-widget-spacer.elementor-widget-empty .elementor-widget-empty-icon{position:absolute;top:0;bottom:0;left:0;right:0;margin:auto;padding:0;width:22px;height:22px}<\/style>\t\t<div class=\"elementor-spacer\">\n\t\t\t<div class=\"elementor-spacer-inner\"><\/div>\n\t\t<\/div>\n\t\t\t\t<\/div>\n\t\t\t\t<\/div>\n\t\t<div class=\"elementor-element elementor-element-006242f e-con-full e-flex e-con e-child\" data-id=\"006242f\" data-element_type=\"container\" data-settings=\"{&quot;content_width&quot;:&quot;full&quot;}\">\n\t\t\t\t<\/div>\n\t\t\t\t<div class=\"elementor-element elementor-element-87fbcd4 elementor-widget__width-initial elementor-widget elementor-widget-spacer\" data-id=\"87fbcd4\" data-element_type=\"widget\" data-widget_type=\"spacer.default\">\n\t\t\t\t<div class=\"elementor-widget-container\">\n\t\t\t\t\t<div class=\"elementor-spacer\">\n\t\t\t<div class=\"elementor-spacer-inner\"><\/div>\n\t\t<\/div>\n\t\t\t\t<\/div>\n\t\t\t\t<\/div>\n\t\t\t\t\t<\/div>\n\t\t\t\t<\/div>\n\t\t\t\t\t\t\t<\/div>\n\t\t","protected":false},"excerpt":{"rendered":"<p>\u00a1Bienvenid@s al blog de CAS! Un espacio donde compartir y conocer experiencias CAS: Creatividad, Actividad y Servicio. Somos la generaci\u00f3n 23-25 del Bachillerato Internacional del IES Navarro Villoslada y nuestro objetivo es ofrecer a los estudiantes IB un espacio colaborativo donde participar aportando sus propias perspectivas de diferentes actividades CAS. Adem\u00e1s de los estudiantes IB, &hellip; <\/p>\n<p class=\"link-more\"><a href=\"https:\/\/iesnavarrovilloslada.educacion.navarra.es\/web\/cas\/quienes-somos\/\" class=\"more-link\">Seguir leyendo<span class=\"screen-reader-text\"> \u00ab\u00bfQui\u00e9nes somos?\u00bb<\/span><\/a><\/p>\n","protected":false},"author":25,"featured_media":354,"parent":0,"menu_order":0,"comment_status":"closed","ping_status":"closed","template":"elementor_header_footer","meta":{"footnotes":"","_links_to":"","_links_to_target":""},"class_list":["post-58","page","type-page","status-publish","has-post-thumbnail","hentry","entry"],"_links":{"self":[{"href":"https:\/\/iesnavarrovilloslada.educacion.navarra.es\/web\/cas\/wp-json\/wp\/v2\/pages\/58","targetHints":{"allow":["GET"]}}],"collection":[{"href":"https:\/\/iesnavarrovilloslada.educacion.navarra.es\/web\/cas\/wp-json\/wp\/v2\/pages"}],"about":[{"href":"https:\/\/iesnavarrovilloslada.educacion.navarra.es\/web\/cas\/wp-json\/wp\/v2\/types\/page"}],"author":[{"embeddable":true,"href":"https:\/\/iesnavarrovilloslada.educacion.navarra.es\/web\/cas\/wp-json\/wp\/v2\/users\/25"}],"replies":[{"embeddable":true,"href":"https:\/\/iesnavarrovilloslada.educacion.navarra.es\/web\/cas\/wp-json\/wp\/v2\/comments?post=58"}],"version-history":[{"count":116,"href":"https:\/\/iesnavarrovilloslada.educacion.navarra.es\/web\/cas\/wp-json\/wp\/v2\/pages\/58\/revisions"}],"predecessor-version":[{"id":678,"href":"https:\/\/iesnavarrovilloslada.educacion.navarra.es\/web\/cas\/wp-json\/wp\/v2\/pages\/58\/revisions\/678"}],"wp:featuredmedia":[{"embeddable":true,"href":"https:\/\/iesnavarrovilloslada.educacion.navarra.es\/web\/cas\/wp-json\/wp\/v2\/media\/354"}],"wp:attachment":[{"href":"https:\/\/iesnavarrovilloslada.educacion.navarra.es\/web\/cas\/wp-json\/wp\/v2\/media?parent=58"}],"curies":[{"name":"wp","href":"https:\/\/api.w.org\/{rel}","templated":true}]}}