{"id":77,"date":"2017-04-04T08:51:34","date_gmt":"2017-04-04T08:51:34","guid":{"rendered":"http:\/\/iesnavarrovilloslada.educacion.navarra.es\/web\/biblioteca\/?page_id=77"},"modified":"2023-01-31T15:07:56","modified_gmt":"2023-01-31T15:07:56","slug":"liga-de-debate","status":"publish","type":"page","link":"https:\/\/iesnavarrovilloslada.educacion.navarra.es\/web\/biblioteca\/liga-de-debate\/","title":{"rendered":"Liga de debate"},"content":{"rendered":"<p><a href=\"http:\/\/iesnavarrovilloslada.educacion.navarra.es\/web\/biblioteca\/wp-content\/uploads\/sites\/2\/2017\/04\/Argonautas.jpg\"><img fetchpriority=\"high\" decoding=\"async\" class=\"size-medium wp-image-112 alignleft\" src=\"http:\/\/iesnavarrovilloslada.educacion.navarra.es\/web\/biblioteca\/wp-content\/uploads\/sites\/2\/2017\/04\/Argonautas-300x169.jpg\" alt=\"\" width=\"300\" height=\"169\" srcset=\"https:\/\/iesnavarrovilloslada.educacion.navarra.es\/web\/biblioteca\/wp-content\/uploads\/sites\/2\/2017\/04\/Argonautas-300x169.jpg 300w, https:\/\/iesnavarrovilloslada.educacion.navarra.es\/web\/biblioteca\/wp-content\/uploads\/sites\/2\/2017\/04\/Argonautas-768x431.jpg 768w, https:\/\/iesnavarrovilloslada.educacion.navarra.es\/web\/biblioteca\/wp-content\/uploads\/sites\/2\/2017\/04\/Argonautas-1024x575.jpg 1024w, https:\/\/iesnavarrovilloslada.educacion.navarra.es\/web\/biblioteca\/wp-content\/uploads\/sites\/2\/2017\/04\/Argonautas.jpg 1280w\" sizes=\"(max-width: 300px) 100vw, 300px\" \/><\/a>Desde el curso 15-16, el Instituto organiza una Liga de debate interna para el alumnado de 1\u00ba de Bachillerato. En esta secci\u00f3n podr\u00e1s encontrar materiales de ayuda para preparar los debates, as\u00ed como la informaci\u00f3n relativa a las convocatorias anuales de la Liga: tema, equipos, calendarios, ganadores&#8230;<\/p>\n<p>Puedes conocer <a href=\"http:\/\/iesnavarrovilloslada.educacion.navarra.es\/web\/blog\/2017\/04\/04\/las-argonautas-ganan-la-ii-liga-de-debate-navarro-villoslada\/\" target=\"_blank\" rel=\"noopener\">en este enlace<\/a> el resultado del curso 16-17.<\/p>\n<p>Si quieres ver el v\u00eddeo de la final, puedes entrar en Moodle del Instituto con tu cuenta de usuario y buscarlo en el apartado <a href=\"http:\/\/iesnavarrovilloslada.educacion.navarra.es\/moodle\/course\/index.php?categoryid=37\" target=\"_blank\" rel=\"noopener\">V\u00eddeos 16-17<\/a>.<\/p>\n","protected":false},"excerpt":{"rendered":"<p>Desde el curso 15-16, el Instituto organiza una Liga de debate interna para el alumnado de 1\u00ba de Bachillerato. En esta secci\u00f3n podr\u00e1s encontrar materiales de ayuda para preparar los debates, as\u00ed como la informaci\u00f3n relativa a las convocatorias anuales de la Liga: tema, equipos, calendarios, ganadores&#8230; Puedes conocer en este enlace el resultado del [&hellip;]<\/p>\n","protected":false},"author":1,"featured_media":0,"parent":0,"menu_order":0,"comment_status":"closed","ping_status":"closed","template":"","meta":{"_genesis_hide_title":false,"_genesis_hide_breadcrumbs":false,"_genesis_hide_singular_image":false,"_genesis_hide_footer_widgets":false,"_genesis_custom_body_class":"","_genesis_custom_post_class":"","_genesis_layout":"","footnotes":"","_links_to":"","_links_to_target":""},"class_list":{"0":"post-77","1":"page","2":"type-page","3":"status-publish","5":"entry"},"_links":{"self":[{"href":"https:\/\/iesnavarrovilloslada.educacion.navarra.es\/web\/biblioteca\/wp-json\/wp\/v2\/pages\/77","targetHints":{"allow":["GET"]}}],"collection":[{"href":"https:\/\/iesnavarrovilloslada.educacion.navarra.es\/web\/biblioteca\/wp-json\/wp\/v2\/pages"}],"about":[{"href":"https:\/\/iesnavarrovilloslada.educacion.navarra.es\/web\/biblioteca\/wp-json\/wp\/v2\/types\/page"}],"author":[{"embeddable":true,"href":"https:\/\/iesnavarrovilloslada.educacion.navarra.es\/web\/biblioteca\/wp-json\/wp\/v2\/users\/1"}],"replies":[{"embeddable":true,"href":"https:\/\/iesnavarrovilloslada.educacion.navarra.es\/web\/biblioteca\/wp-json\/wp\/v2\/comments?post=77"}],"version-history":[{"count":4,"href":"https:\/\/iesnavarrovilloslada.educacion.navarra.es\/web\/biblioteca\/wp-json\/wp\/v2\/pages\/77\/revisions"}],"predecessor-version":[{"id":172,"href":"https:\/\/iesnavarrovilloslada.educacion.navarra.es\/web\/biblioteca\/wp-json\/wp\/v2\/pages\/77\/revisions\/172"}],"wp:attachment":[{"href":"https:\/\/iesnavarrovilloslada.educacion.navarra.es\/web\/biblioteca\/wp-json\/wp\/v2\/media?parent=77"}],"curies":[{"name":"wp","href":"https:\/\/api.w.org\/{rel}","templated":true}]}}