{"id":69,"date":"2017-04-03T12:26:49","date_gmt":"2017-04-03T12:26:49","guid":{"rendered":"http:\/\/iesnavarrovilloslada.educacion.navarra.es\/web\/biblioteca\/?page_id=69"},"modified":"2017-04-03T12:26:49","modified_gmt":"2017-04-03T12:26:49","slug":"rincon-de-intercambio-de-libros","status":"publish","type":"page","link":"https:\/\/iesnavarrovilloslada.educacion.navarra.es\/web\/biblioteca\/rincon-de-intercambio-de-libros\/","title":{"rendered":"Rinc\u00f3n de intercambio de libros"},"content":{"rendered":"<h2>\u00bfQu\u00e9 es?<\/h2>\n<p><strong>un PUNTO DE ENCUENTRO<\/strong> para quedar entre nosotros e intercambiar libremente nuestras lecturas.<\/p>\n<h2>\u00bfC\u00f3mo funciona?<\/h2>\n<p>Cedo un libro que puede gustar a otras personas y, adem\u00e1s, aprovecho la ocasi\u00f3n que otras personas me brindan para leer libros que, quiz\u00e1s, no conozca y me salen gratis.<\/p>\n<p><strong>FUNCIONAMIENTO<\/strong>:<\/p>\n<ul>\n<li>Cuando entres en la biblioteca dir\u00edgete al espacio: \u201cRINC\u00d3N PARA EL INTERCAMBIO DE LIBROS\u201d y ver\u00e1s una estanter\u00eda y unas maletas en las que se depositan los libros, c\u00f3mics, etc. Est\u00e1n organizados por niveles de lectura: 1\u00ba y2\u00ba ESO \/ 3\u00ba y 4\u00ba\/ Bachillerato\/ Adultos.<\/li>\n<\/ul>\n<ul>\n<li>Deja tu libro en el nivel correspondiente y elige otro. Una vez que lo has le\u00eddo, <strong><u>vuelve a dejarlo en su sitio<\/u><\/strong> para que lo lea otra persona. Puedes leer cuantos quieras pero NO TE QUEDES CON EL LIBRO.<\/li>\n<\/ul>\n<ul>\n<li>Puedes quedar con tus compa\u00f1eros para intercambiar libros entre vosotros.<\/li>\n<\/ul>\n<ul>\n<li>En los libros que deposites, puedes poner tu nombre.<\/li>\n<\/ul>\n<ul>\n<li>Estos libros no se fichan por lo que no existe un registro inform\u00e1tico. Importante: no se pueden recuperar.<\/li>\n<\/ul>\n<ul>\n<li>Todo est\u00e1 bajo la exclusiva RESPONSABILIDAD de los participantes del rinc\u00f3n.<\/li>\n<\/ul>\n<ul>\n<li>Si tienes dudas, pregunta a los responsables de la biblioteca.<\/li>\n<\/ul>\n<p><strong>CONDICIONES:<\/strong><\/p>\n<ul>\n<li>Es muy importante que el libro que dejes en la biblioteca sean actuales, interesantes e imprescindible que <strong><u>est\u00e9n en buen estado<\/u><\/strong>. NO SE TRATA DE QUITARNOS AQUELLOS LIBROS QUE NOS MOLESTAN EN CASA.<\/li>\n<\/ul>\n<p><strong>LIBRO DE RECOMENDACIONES:<\/strong> tambi\u00e9n encontrar\u00e1s un libro en el que podr\u00e1s escribir tu opini\u00f3n sobre los libros que vas leyendo. Siempre bajo las normas del RESPETO.<\/p>\n<h2>\u00bfEn qu\u00e9 horario?<\/h2>\n<p><strong>\u00a0<\/strong>El horario de la biblioteca<\/p>\n<p>&nbsp;<\/p>\n<p>COMO VES, TODO ES MUY F\u00c1CIL y TODO SON VENTAJAS<\/p>\n","protected":false},"excerpt":{"rendered":"<p>\u00bfQu\u00e9 es? un PUNTO DE ENCUENTRO para quedar entre nosotros e intercambiar libremente nuestras lecturas. \u00bfC\u00f3mo funciona? Cedo un libro que puede gustar a otras personas y, adem\u00e1s, aprovecho la ocasi\u00f3n que otras personas me brindan para leer libros que, quiz\u00e1s, no conozca y me salen gratis. FUNCIONAMIENTO: Cuando entres en la biblioteca dir\u00edgete al [&hellip;]<\/p>\n","protected":false},"author":1,"featured_media":0,"parent":0,"menu_order":0,"comment_status":"closed","ping_status":"closed","template":"","meta":{"_genesis_hide_title":false,"_genesis_hide_breadcrumbs":false,"_genesis_hide_singular_image":false,"_genesis_hide_footer_widgets":false,"_genesis_custom_body_class":"","_genesis_custom_post_class":"","_genesis_layout":"","footnotes":"","_links_to":"","_links_to_target":""},"class_list":{"0":"post-69","1":"page","2":"type-page","3":"status-publish","5":"entry"},"_links":{"self":[{"href":"https:\/\/iesnavarrovilloslada.educacion.navarra.es\/web\/biblioteca\/wp-json\/wp\/v2\/pages\/69","targetHints":{"allow":["GET"]}}],"collection":[{"href":"https:\/\/iesnavarrovilloslada.educacion.navarra.es\/web\/biblioteca\/wp-json\/wp\/v2\/pages"}],"about":[{"href":"https:\/\/iesnavarrovilloslada.educacion.navarra.es\/web\/biblioteca\/wp-json\/wp\/v2\/types\/page"}],"author":[{"embeddable":true,"href":"https:\/\/iesnavarrovilloslada.educacion.navarra.es\/web\/biblioteca\/wp-json\/wp\/v2\/users\/1"}],"replies":[{"embeddable":true,"href":"https:\/\/iesnavarrovilloslada.educacion.navarra.es\/web\/biblioteca\/wp-json\/wp\/v2\/comments?post=69"}],"version-history":[{"count":1,"href":"https:\/\/iesnavarrovilloslada.educacion.navarra.es\/web\/biblioteca\/wp-json\/wp\/v2\/pages\/69\/revisions"}],"predecessor-version":[{"id":71,"href":"https:\/\/iesnavarrovilloslada.educacion.navarra.es\/web\/biblioteca\/wp-json\/wp\/v2\/pages\/69\/revisions\/71"}],"wp:attachment":[{"href":"https:\/\/iesnavarrovilloslada.educacion.navarra.es\/web\/biblioteca\/wp-json\/wp\/v2\/media?parent=69"}],"curies":[{"name":"wp","href":"https:\/\/api.w.org\/{rel}","templated":true}]}}