{"id":334,"date":"2022-01-25T10:15:47","date_gmt":"2022-01-25T10:15:47","guid":{"rendered":"https:\/\/iesnavarrovilloslada.educacion.navarra.es\/web\/biblioteca\/?page_id=334"},"modified":"2022-01-25T10:15:48","modified_gmt":"2022-01-25T10:15:48","slug":"matematicas-guia-tematica","status":"publish","type":"page","link":"https:\/\/iesnavarrovilloslada.educacion.navarra.es\/web\/biblioteca\/matematicas-guia-tematica\/","title":{"rendered":"Matem\u00e1ticas &#8211; Gu\u00eda tem\u00e1tica"},"content":{"rendered":"\n<p>Las gu\u00edas tem\u00e1ticas de investigaci\u00f3n por asignatura son los recursos que puedes consultar en la biblioteca del centro, en los Departamentos o a trav\u00e9s de enlaces para avanzar en tu idea de investigaci\u00f3n. Son recursos de exploraci\u00f3n y recursos que pueden aportarte metodolog\u00eda de investigaci\u00f3n y an\u00e1lisis. Pueden serte \u00fatiles al comienzo de la investigaci\u00f3n y tambi\u00e9n en fases de desarrollo.<\/p>\n\n\n\n<p>Cuando tengas ya una idea definida y hayas consultado estos recursos, acude al profesorado del \u00e1rea para que te oriente y te ofrezca materiales m\u00e1s especializados. En cada asignatura, el profesorado dispone de recursos espec\u00edficos para monograf\u00edas y trabajos de investigaci\u00f3n.<\/p>\n\n\n\n<p>Recuerda que, en cualquier momento, puedes pedir ayuda a las personas que coordinan las monograf\u00edas para orientarte en b\u00fasquedas en bases de datos y en sistemas de cita.<\/p>\n\n\n\n<p><\/p>\n\n\n\n<figure class=\"wp-block-table is-style-stripes\"><table><thead><tr><th>Bibliograf\u00eda b\u00e1sica<\/th><th>Ubicaci\u00f3n (biblioteca, departamento, consulta on line)<\/th><\/tr><\/thead><tbody><tr><td>Eurostat<\/td><td><a href=\"https:\/\/ec.europa.eu\/eurostat\" target=\"_blank\" rel=\"noreferrer noopener\">https:\/\/ec.europa.eu\/eurostat<\/a><\/td><\/tr><tr><td>Servicio de datos estad\u00edsticos mundiales de la ONU<\/td><td><a href=\"http:\/\/data.un.org\/\" target=\"_blank\" rel=\"noreferrer noopener\">http:\/\/data.un.org\/<\/a><\/td><\/tr><tr><td>Bolet\u00edn mensual de estad\u00edsticas de la ONU<\/td><td><a href=\"https:\/\/unstats.un.org\/unsd\/mbs\/app\/DataSearchTable.aspx\" target=\"_blank\" rel=\"noreferrer noopener\">https:\/\/unstats.un.org\/unsd\/mbs\/app\/DataSearchTable.aspx<\/a><\/td><\/tr><tr><td>World Bank Open Data<\/td><td><a href=\"https:\/\/data.worldbank.org\/\" target=\"_blank\" rel=\"noreferrer noopener\">https:\/\/data.worldbank.org\/<\/a><\/td><\/tr><tr><td>Our World in Data<\/td><td><a href=\"https:\/\/ourworldindata.org\/\" target=\"_blank\" rel=\"noreferrer noopener\">https:\/\/ourworldindata.org\/<\/a><\/td><\/tr><tr><td>The World Factbook (CIA)<\/td><td><a href=\"https:\/\/www.cia.gov\/the-world-factbook\/\" target=\"_blank\" rel=\"noreferrer noopener\">https:\/\/www.cia.gov\/the-world-factbook\/<\/a><\/td><\/tr><tr><td>Repositorio de art\u00edculos en acceso abierto: Arxiv<\/td><td><a href=\"https:\/\/arxiv.org\/\" target=\"_blank\" rel=\"noreferrer noopener\">https:\/\/arxiv.org\/<\/a><\/td><\/tr><tr><td>Jose Mar\u00eda Sorando Muz\u00e1s. La geometr\u00eda de las ciudades. Ed:Catarata<\/td><td>Biblioteca<\/td><\/tr><tr><td>Manuel de Le\u00f3n y Antonio G\u00f3mez. Las matem\u00e1ticas de la pandemia. Ed: Catarata<\/td><td>Biblioteca<\/td><\/tr><tr><td>Eduardo Saenz de Cabez\u00f3n. Apocalipsis matem\u00e1tico. Ed: Plan B.<\/td><td>Biblioteca<\/td><\/tr><tr><td>Cathy O`Neil. Armas de destrucci\u00f3n matem\u00e1tica. Ed: Capit\u00e1n Swing.<\/td><td>Biblioteca<\/td><\/tr><tr><td>Adrian Paenza. Un matem\u00e1tico ah\u00ed, por favor. Ed: Debate<\/td><td>Biblioteca<\/td><\/tr><\/tbody><\/table><\/figure>\n","protected":false},"excerpt":{"rendered":"<p>Las gu\u00edas tem\u00e1ticas de investigaci\u00f3n por asignatura son los recursos que puedes consultar en la biblioteca del centro, en los Departamentos o a trav\u00e9s de enlaces para avanzar en tu idea de investigaci\u00f3n. Son recursos de exploraci\u00f3n y recursos que pueden aportarte metodolog\u00eda de investigaci\u00f3n y an\u00e1lisis. Pueden serte \u00fatiles al comienzo de la investigaci\u00f3n [&hellip;]<\/p>\n","protected":false},"author":1,"featured_media":0,"parent":0,"menu_order":0,"comment_status":"closed","ping_status":"closed","template":"","meta":{"_genesis_hide_title":false,"_genesis_hide_breadcrumbs":false,"_genesis_hide_singular_image":false,"_genesis_hide_footer_widgets":false,"_genesis_custom_body_class":"","_genesis_custom_post_class":"","_genesis_layout":"","footnotes":"","_links_to":"","_links_to_target":""},"class_list":{"0":"post-334","1":"page","2":"type-page","3":"status-publish","5":"entry"},"_links":{"self":[{"href":"https:\/\/iesnavarrovilloslada.educacion.navarra.es\/web\/biblioteca\/wp-json\/wp\/v2\/pages\/334","targetHints":{"allow":["GET"]}}],"collection":[{"href":"https:\/\/iesnavarrovilloslada.educacion.navarra.es\/web\/biblioteca\/wp-json\/wp\/v2\/pages"}],"about":[{"href":"https:\/\/iesnavarrovilloslada.educacion.navarra.es\/web\/biblioteca\/wp-json\/wp\/v2\/types\/page"}],"author":[{"embeddable":true,"href":"https:\/\/iesnavarrovilloslada.educacion.navarra.es\/web\/biblioteca\/wp-json\/wp\/v2\/users\/1"}],"replies":[{"embeddable":true,"href":"https:\/\/iesnavarrovilloslada.educacion.navarra.es\/web\/biblioteca\/wp-json\/wp\/v2\/comments?post=334"}],"version-history":[{"count":2,"href":"https:\/\/iesnavarrovilloslada.educacion.navarra.es\/web\/biblioteca\/wp-json\/wp\/v2\/pages\/334\/revisions"}],"predecessor-version":[{"id":345,"href":"https:\/\/iesnavarrovilloslada.educacion.navarra.es\/web\/biblioteca\/wp-json\/wp\/v2\/pages\/334\/revisions\/345"}],"wp:attachment":[{"href":"https:\/\/iesnavarrovilloslada.educacion.navarra.es\/web\/biblioteca\/wp-json\/wp\/v2\/media?parent=334"}],"curies":[{"name":"wp","href":"https:\/\/api.w.org\/{rel}","templated":true}]}}