{"id":331,"date":"2022-01-25T10:01:18","date_gmt":"2022-01-25T10:01:18","guid":{"rendered":"https:\/\/iesnavarrovilloslada.educacion.navarra.es\/web\/biblioteca\/?page_id=331"},"modified":"2022-01-25T10:32:28","modified_gmt":"2022-01-25T10:32:28","slug":"quimica-guia-tematica","status":"publish","type":"page","link":"https:\/\/iesnavarrovilloslada.educacion.navarra.es\/web\/biblioteca\/quimica-guia-tematica\/","title":{"rendered":"Qu\u00edmica &#8211; Gu\u00eda tem\u00e1tica"},"content":{"rendered":"\n<p>Las gu\u00edas tem\u00e1ticas de investigaci\u00f3n por asignatura son los recursos que puedes consultar en la biblioteca del centro, en los Departamentos o a trav\u00e9s de enlaces para avanzar en tu idea de investigaci\u00f3n. Son recursos de exploraci\u00f3n y recursos que pueden aportarte metodolog\u00eda de investigaci\u00f3n y an\u00e1lisis. Pueden serte \u00fatiles al comienzo de la investigaci\u00f3n y tambi\u00e9n en fases de desarrollo.<\/p>\n\n\n\n<p>Cuando tengas ya una idea definida y hayas consultado estos recursos, acude al profesorado del \u00e1rea para que te oriente y te ofrezca materiales m\u00e1s especializados. En cada asignatura, el profesorado dispone de recursos espec\u00edficos para monograf\u00edas y trabajos de investigaci\u00f3n.<\/p>\n\n\n\n<p>Recuerda que, en cualquier momento, puedes pedir ayuda a las personas que coordinan las monograf\u00edas para orientarte en b\u00fasquedas en bases de datos y en sistemas de cita.<\/p>\n\n\n\n<p><\/p>\n\n\n\n<figure class=\"wp-block-table is-style-stripes\"><table><thead><tr><th>Bibliograf\u00eda b\u00e1sica<\/th><th>Ubicaci\u00f3n (Biblioteca, Departamento, online)<\/th><\/tr><\/thead><tbody><tr><td>CRC Handbook of Chemistry and Physics<\/td><td><a href=\"http:\/\/hbcponline.com\/faces\/contents\/ContentsSearch.xhtml;jsessionid=825B4540B51AD44DEA71E9C229A5830D\" target=\"_blank\" rel=\"noreferrer noopener\">Consulta online<\/a><br><\/td><\/tr><tr><td>Instituto Nacional de Estad\u00edstica<\/td><td><a rel=\"noreferrer noopener\" href=\"https:\/\/www.ine.es\/index.htm\" target=\"_blank\">Consulta online<\/a><\/td><\/tr><tr><td>Eurostat<\/td><td><a rel=\"noreferrer noopener\" href=\"https:\/\/ec.europa.eu\/eurostat\" target=\"_blank\">Consulta online<\/a><\/td><\/tr><tr><td>National Nuclear Data Center<\/td><td><a rel=\"noreferrer noopener\" href=\"https:\/\/www.nndc.bnl.gov\/\" target=\"_blank\">Consulta online<\/a><\/td><\/tr><tr><td>Centers for Disease Control and Prevention<\/td><td><a rel=\"noreferrer noopener\" href=\"https:\/\/www.cdc.gov\/DataStatistics\/\" target=\"_blank\">Consulta online<\/a><\/td><\/tr><tr><td>Recursos sobre evoluci\u00f3n<\/td><td><a rel=\"noreferrer noopener\" href=\"https:\/\/evolution.berkeley.edu\/evolibrary\/resourcelibrary.php\" target=\"_blank\">Consulta online<\/a><\/td><\/tr><tr><td>Servicio de datos estad\u00edsticos mundiales de la ONU<\/td><td><a rel=\"noreferrer noopener\" href=\"http:\/\/data.un.org\/\" target=\"_blank\">Consulta online<\/a><\/td><\/tr><tr><td>Bolet\u00edn mensual de estad\u00edsticas de la ONU<\/td><td><a rel=\"noreferrer noopener\" href=\"https:\/\/unstats.un.org\/unsd\/mbs\/app\/DataSearchTable.aspx\" target=\"_blank\">Consulta online<\/a><\/td><\/tr><tr><td>World Bank Open Data<\/td><td><a rel=\"noreferrer noopener\" href=\"https:\/\/data.worldbank.org\/\" target=\"_blank\">Consulta online<\/a><\/td><\/tr><tr><td>Our World in Data<\/td><td><a rel=\"noreferrer noopener\" href=\"https:\/\/ourworldindata.org\/\" target=\"_blank\">Consulta online<\/a><\/td><\/tr><tr><td>The World Factbook (CIA)<\/td><td><a rel=\"noreferrer noopener\" href=\"https:\/\/www.cia.gov\/the-world-factbook\/\" target=\"_blank\">Consulta online<\/a><\/td><\/tr><tr><td>Repositorio de art\u00edculos en acceso abierto: Arxiv<\/td><td><a rel=\"noreferrer noopener\" href=\"https:\/\/arxiv.org\/\" target=\"_blank\">Consulta online<\/a><\/td><\/tr><\/tbody><\/table><\/figure>\n","protected":false},"excerpt":{"rendered":"<p>Las gu\u00edas tem\u00e1ticas de investigaci\u00f3n por asignatura son los recursos que puedes consultar en la biblioteca del centro, en los Departamentos o a trav\u00e9s de enlaces para avanzar en tu idea de investigaci\u00f3n. Son recursos de exploraci\u00f3n y recursos que pueden aportarte metodolog\u00eda de investigaci\u00f3n y an\u00e1lisis. Pueden serte \u00fatiles al comienzo de la investigaci\u00f3n [&hellip;]<\/p>\n","protected":false},"author":1,"featured_media":0,"parent":0,"menu_order":0,"comment_status":"closed","ping_status":"closed","template":"","meta":{"_genesis_hide_title":false,"_genesis_hide_breadcrumbs":false,"_genesis_hide_singular_image":false,"_genesis_hide_footer_widgets":false,"_genesis_custom_body_class":"","_genesis_custom_post_class":"","_genesis_layout":"","footnotes":"","_links_to":"","_links_to_target":""},"class_list":{"0":"post-331","1":"page","2":"type-page","3":"status-publish","5":"entry"},"_links":{"self":[{"href":"https:\/\/iesnavarrovilloslada.educacion.navarra.es\/web\/biblioteca\/wp-json\/wp\/v2\/pages\/331","targetHints":{"allow":["GET"]}}],"collection":[{"href":"https:\/\/iesnavarrovilloslada.educacion.navarra.es\/web\/biblioteca\/wp-json\/wp\/v2\/pages"}],"about":[{"href":"https:\/\/iesnavarrovilloslada.educacion.navarra.es\/web\/biblioteca\/wp-json\/wp\/v2\/types\/page"}],"author":[{"embeddable":true,"href":"https:\/\/iesnavarrovilloslada.educacion.navarra.es\/web\/biblioteca\/wp-json\/wp\/v2\/users\/1"}],"replies":[{"embeddable":true,"href":"https:\/\/iesnavarrovilloslada.educacion.navarra.es\/web\/biblioteca\/wp-json\/wp\/v2\/comments?post=331"}],"version-history":[{"count":4,"href":"https:\/\/iesnavarrovilloslada.educacion.navarra.es\/web\/biblioteca\/wp-json\/wp\/v2\/pages\/331\/revisions"}],"predecessor-version":[{"id":352,"href":"https:\/\/iesnavarrovilloslada.educacion.navarra.es\/web\/biblioteca\/wp-json\/wp\/v2\/pages\/331\/revisions\/352"}],"wp:attachment":[{"href":"https:\/\/iesnavarrovilloslada.educacion.navarra.es\/web\/biblioteca\/wp-json\/wp\/v2\/media?parent=331"}],"curies":[{"name":"wp","href":"https:\/\/api.w.org\/{rel}","templated":true}]}}