{"id":312,"date":"2022-01-12T11:41:24","date_gmt":"2022-01-12T11:41:24","guid":{"rendered":"https:\/\/iesnavarrovilloslada.educacion.navarra.es\/web\/biblioteca\/?page_id=312"},"modified":"2022-01-25T10:28:46","modified_gmt":"2022-01-25T10:28:46","slug":"fisica-guia-tematica","status":"publish","type":"page","link":"https:\/\/iesnavarrovilloslada.educacion.navarra.es\/web\/biblioteca\/fisica-guia-tematica\/","title":{"rendered":"F\u00edsica &#8211; gu\u00eda tem\u00e1tica"},"content":{"rendered":"\n<p>Las gu\u00edas tem\u00e1ticas de investigaci\u00f3n por asignatura son los recursos que puedes consultar en la biblioteca del centro, en los Departamentos o a trav\u00e9s de enlaces para avanzar en tu idea de investigaci\u00f3n. Son recursos de exploraci\u00f3n y recursos que pueden aportarte metodolog\u00eda de investigaci\u00f3n y an\u00e1lisis. Pueden serte \u00fatiles al comienzo de la investigaci\u00f3n y tambi\u00e9n en fases de desarrollo.<\/p>\n\n\n\n<p>Cuando tengas ya una idea definida y hayas consultado estos recursos, acude al profesorado del \u00e1rea para que te oriente y te ofrezca materiales m\u00e1s especializados. En cada asignatura, el profesorado dispone de recursos espec\u00edficos para monograf\u00edas y trabajos de investigaci\u00f3n.<\/p>\n\n\n\n<p>Recuerda que, en cualquier momento, puedes pedir ayuda a las personas que coordinan las monograf\u00edas para orientarte en b\u00fasquedas en bases de datos y en sistemas de cita.<\/p>\n\n\n\n<p><\/p>\n\n\n\n<figure class=\"wp-block-table is-style-stripes\"><table><thead><tr><th>Bibliograf\u00eda b\u00e1sica<\/th><th>Ubicaci\u00f3n (biblioteca, departamento, consulta on line)<\/th><\/tr><\/thead><tbody><tr><td>CRC Handbook of Chemistry and Physics<\/td><td><a href=\"https:\/\/hbcp.chemnetbase.com\/faces\/contents\/ContentsSearch.xhtml;jsessionid=0F723B14F48E8ABEC475D0D2DD5F4496\" target=\"_blank\" rel=\"noreferrer noopener\">consulta online<\/a><\/td><\/tr><tr><td>Instituto Nacional de Estad\u00edstica<\/td><td><a rel=\"noreferrer noopener\" href=\"https:\/\/www.ine.es\/index.htm\" target=\"_blank\">consulta online<\/a><\/td><\/tr><tr><td>Eurostat<\/td><td><a rel=\"noreferrer noopener\" href=\"https:\/\/ec.europa.eu\/eurostat\" target=\"_blank\">consulta online<\/a><\/td><\/tr><tr><td>National Nuclear Data Center<\/td><td><a rel=\"noreferrer noopener\" href=\"https:\/\/www.nndc.bnl.gov\/\" target=\"_blank\">consulta online<\/a><\/td><\/tr><tr><td>Centers for Disease Control and Prevention<\/td><td><a rel=\"noreferrer noopener\" href=\"https:\/\/www.cdc.gov\/DataStatistics\/\" target=\"_blank\">consulta online<\/a><\/td><\/tr><tr><td>Recursos sobre evoluci\u00f3n<\/td><td><a rel=\"noreferrer noopener\" href=\"https:\/\/evolution.berkeley.edu\/evolibrary\/resourcelibrary.php\" target=\"_blank\">consulta online<\/a><\/td><\/tr><tr><td>Servicio de datos estad\u00edsticos mundiales de la ONU<\/td><td><a rel=\"noreferrer noopener\" href=\"http:\/\/data.un.org\/\" target=\"_blank\">consulta online<\/a><\/td><\/tr><tr><td>Bolet\u00edn mensual de estad\u00edsticas de la ONU<\/td><td><a href=\"https:\/\/unstats.un.org\/unsd\/mbs\/app\/DataSearchTable.aspx\" target=\"_blank\" rel=\"noreferrer noopener\">consulta online<\/a><\/td><\/tr><tr><td>World Bank Open Data<\/td><td><br><meta charset=\"utf-8\"><a href=\"https:\/\/data.worldbank.org\/\" target=\"_blank\" rel=\"noreferrer noopener\">consulta online<\/a><\/td><\/tr><tr><td>Our World in Data<\/td><td><br><meta charset=\"utf-8\"><a href=\"https:\/\/ourworldindata.org\/\" target=\"_blank\" rel=\"noreferrer noopener\">consulta online<\/a><\/td><\/tr><tr><td>The World Factbook (CIA)<\/td><td><a rel=\"noreferrer noopener\" href=\"https:\/\/www.cia.gov\/the-world-factbook\/\" target=\"_blank\">consulta online<\/a><\/td><\/tr><tr><td>Repositorio de art\u00edculos en acceso abierto: Arxiv<\/td><td><a rel=\"noreferrer noopener\" href=\"https:\/\/arxiv.org\/\" target=\"_blank\">consulta online<\/a><\/td><\/tr><tr><td>Calidad del aire en Navarra<\/td><td><a rel=\"noreferrer noopener\" href=\"http:\/\/www.navarra.es\/home_es\/Temas\/Medio+Ambiente\/Calidad+del+aire\/\" target=\"_blank\">consulta online<\/a><\/td><\/tr><tr><td>Subscripci\u00f3n A Physics Education?<\/td><td><\/td><\/tr><tr><td>OpenLibra: Biblioteca libre y gratuita<\/td><td><a rel=\"noreferrer noopener\" href=\"https:\/\/openlibra.com\/es\/collection\/search\/category\/fisica\" target=\"_blank\">consulta online<\/a><\/td><\/tr><tr><td>Sears y Zemansky (2018), F\u00edsica Universitaria con F\u00edsica Moderna Vol 1<\/td><td><a rel=\"noreferrer noopener\" href=\"http:\/\/www.fi.unsj.edu.ar\/departamentos\/DptoFisica\/fid\/archivos\/FisicaUniversitaria-Sears-Zemansky.pdf\" target=\"_blank\">consulta online<\/a><\/td><\/tr><tr><td>Sears y Zemansky (2018), F\u00edsica Universitaria con F\u00edsica Moderna Vol 2<\/td><td><br><meta charset=\"utf-8\"><a href=\"https:\/\/www.u-cursos.cl\/usuario\/42103e5ee2ce7442a3921d69b0200c93\/mi_blog\/r\/Fisica_General_-_Fisica_Universitaria_Vol_2__ed_12%28Sears-Zemansky%29.pdf\" target=\"_blank\" rel=\"noreferrer noopener\">consulta online<\/a><\/td><\/tr><tr><td>Tipler, Mosca (2010). F\u00edsica para la ciencia y la tecnolog\u00eda. Vol 1<\/td><td><\/td><\/tr><tr><td>Tipler, Mosca (2010). F\u00edsica para la ciencia y la tecnolog\u00eda. Vol 2<\/td><td><\/td><\/tr><tr><td>Internal Assessment Physics for the IB Diploma: Skills for Success: Skills for Success Tapa blanda. ISBN-10: 1510432418<\/td><td>Departamento y Biblioteca<\/td><\/tr><\/tbody><\/table><\/figure>\n","protected":false},"excerpt":{"rendered":"<p>Las gu\u00edas tem\u00e1ticas de investigaci\u00f3n por asignatura son los recursos que puedes consultar en la biblioteca del centro, en los Departamentos o a trav\u00e9s de enlaces para avanzar en tu idea de investigaci\u00f3n. Son recursos de exploraci\u00f3n y recursos que pueden aportarte metodolog\u00eda de investigaci\u00f3n y an\u00e1lisis. Pueden serte \u00fatiles al comienzo de la investigaci\u00f3n [&hellip;]<\/p>\n","protected":false},"author":1,"featured_media":0,"parent":0,"menu_order":0,"comment_status":"closed","ping_status":"closed","template":"","meta":{"_genesis_hide_title":false,"_genesis_hide_breadcrumbs":false,"_genesis_hide_singular_image":false,"_genesis_hide_footer_widgets":false,"_genesis_custom_body_class":"","_genesis_custom_post_class":"","_genesis_layout":"","footnotes":"","_links_to":"","_links_to_target":""},"class_list":{"0":"post-312","1":"page","2":"type-page","3":"status-publish","5":"entry"},"_links":{"self":[{"href":"https:\/\/iesnavarrovilloslada.educacion.navarra.es\/web\/biblioteca\/wp-json\/wp\/v2\/pages\/312","targetHints":{"allow":["GET"]}}],"collection":[{"href":"https:\/\/iesnavarrovilloslada.educacion.navarra.es\/web\/biblioteca\/wp-json\/wp\/v2\/pages"}],"about":[{"href":"https:\/\/iesnavarrovilloslada.educacion.navarra.es\/web\/biblioteca\/wp-json\/wp\/v2\/types\/page"}],"author":[{"embeddable":true,"href":"https:\/\/iesnavarrovilloslada.educacion.navarra.es\/web\/biblioteca\/wp-json\/wp\/v2\/users\/1"}],"replies":[{"embeddable":true,"href":"https:\/\/iesnavarrovilloslada.educacion.navarra.es\/web\/biblioteca\/wp-json\/wp\/v2\/comments?post=312"}],"version-history":[{"count":7,"href":"https:\/\/iesnavarrovilloslada.educacion.navarra.es\/web\/biblioteca\/wp-json\/wp\/v2\/pages\/312\/revisions"}],"predecessor-version":[{"id":348,"href":"https:\/\/iesnavarrovilloslada.educacion.navarra.es\/web\/biblioteca\/wp-json\/wp\/v2\/pages\/312\/revisions\/348"}],"wp:attachment":[{"href":"https:\/\/iesnavarrovilloslada.educacion.navarra.es\/web\/biblioteca\/wp-json\/wp\/v2\/media?parent=312"}],"curies":[{"name":"wp","href":"https:\/\/api.w.org\/{rel}","templated":true}]}}