{"id":27,"date":"2017-03-28T08:31:10","date_gmt":"2017-03-28T08:31:10","guid":{"rendered":"http:\/\/iesnavarrovilloslada.educacion.navarra.es\/web\/biblioteca\/?page_id=27"},"modified":"2022-01-25T10:33:55","modified_gmt":"2022-01-25T10:33:55","slug":"investigar","status":"publish","type":"page","link":"https:\/\/iesnavarrovilloslada.educacion.navarra.es\/web\/biblioteca\/investigar\/","title":{"rendered":"Investigar"},"content":{"rendered":"<p>En el instituto queremos dar mucha importancia a la capacidad de construir conocimiento a partir de lo que otras personas han descubierto, han publicado, o han comunicado de cualquier forma. Estamos viviendo ya una \u00e9poca en la que no es suficiente conocer: necesitamos descubrir e innovar.<\/p>\n<p>Por ello, en los diferentes niveles se van a introducir actividades y trabajos encaminados al desarrollo de esa capacidad de construir conocimiento.<\/p>\n<p>Navega por las diferentes p\u00e1ginas de este men\u00fa para obtener m\u00e1s informaci\u00f3n.<\/p>\n","protected":false},"excerpt":{"rendered":"<p>En el instituto queremos dar mucha importancia a la capacidad de construir conocimiento a partir de lo que otras personas han descubierto, han publicado, o han comunicado de cualquier forma. Estamos viviendo ya una \u00e9poca en la que no es suficiente conocer: necesitamos descubrir e innovar. Por ello, en los diferentes niveles se van a [&hellip;]<\/p>\n","protected":false},"author":1,"featured_media":0,"parent":0,"menu_order":0,"comment_status":"closed","ping_status":"closed","template":"","meta":{"_genesis_hide_title":false,"_genesis_hide_breadcrumbs":false,"_genesis_hide_singular_image":false,"_genesis_hide_footer_widgets":false,"_genesis_custom_body_class":"","_genesis_custom_post_class":"","_genesis_layout":"","footnotes":"","_links_to":"","_links_to_target":""},"class_list":{"0":"post-27","1":"page","2":"type-page","3":"status-publish","5":"entry"},"_links":{"self":[{"href":"https:\/\/iesnavarrovilloslada.educacion.navarra.es\/web\/biblioteca\/wp-json\/wp\/v2\/pages\/27","targetHints":{"allow":["GET"]}}],"collection":[{"href":"https:\/\/iesnavarrovilloslada.educacion.navarra.es\/web\/biblioteca\/wp-json\/wp\/v2\/pages"}],"about":[{"href":"https:\/\/iesnavarrovilloslada.educacion.navarra.es\/web\/biblioteca\/wp-json\/wp\/v2\/types\/page"}],"author":[{"embeddable":true,"href":"https:\/\/iesnavarrovilloslada.educacion.navarra.es\/web\/biblioteca\/wp-json\/wp\/v2\/users\/1"}],"replies":[{"embeddable":true,"href":"https:\/\/iesnavarrovilloslada.educacion.navarra.es\/web\/biblioteca\/wp-json\/wp\/v2\/comments?post=27"}],"version-history":[{"count":4,"href":"https:\/\/iesnavarrovilloslada.educacion.navarra.es\/web\/biblioteca\/wp-json\/wp\/v2\/pages\/27\/revisions"}],"predecessor-version":[{"id":354,"href":"https:\/\/iesnavarrovilloslada.educacion.navarra.es\/web\/biblioteca\/wp-json\/wp\/v2\/pages\/27\/revisions\/354"}],"wp:attachment":[{"href":"https:\/\/iesnavarrovilloslada.educacion.navarra.es\/web\/biblioteca\/wp-json\/wp\/v2\/media?parent=27"}],"curies":[{"name":"wp","href":"https:\/\/api.w.org\/{rel}","templated":true}]}}