{"id":159,"date":"2017-09-25T12:14:11","date_gmt":"2017-09-25T12:14:11","guid":{"rendered":"http:\/\/iesnavarrovilloslada.educacion.navarra.es\/web\/biblioteca\/?page_id=159"},"modified":"2017-09-25T12:14:11","modified_gmt":"2017-09-25T12:14:11","slug":"catalogos-online","status":"publish","type":"page","link":"https:\/\/iesnavarrovilloslada.educacion.navarra.es\/web\/biblioteca\/catalogos-online\/","title":{"rendered":"Cat\u00e1logos online"},"content":{"rendered":"<h2>Cat\u00e1logos de bibliotecas<\/h2>\n<ul>\n<li><a href=\"http:\/\/www.navarra.es\/appsext\/opac\/abnetcl.exe\/O7017\/ID68902919?ACC=101\" target=\"_blank\" rel=\"noopener\">Cat\u00e1logo online de la red de bibliotecas de Navarra<\/a>. Busca un recurso en todas las bibliotecas o en la que te interese. Recoge despu\u00e9s el recurso en la biblioteca indicada.<\/li>\n<li><a href=\"https:\/\/www.unavarra.es\/biblioteca\" target=\"_blank\" rel=\"noopener\">Biblioteca de la Universidad P\u00fablica de Navarra<\/a>.\u00a0Puedes consultar en su cat\u00e1logo y luego trabajar con el recurso all\u00ed.<\/li>\n<\/ul>\n<p>&nbsp;<\/p>\n<h2>Bases de datos online<\/h2>\n<ul>\n<li><a href=\"https:\/\/dialnet.unirioja.es\/\" target=\"_blank\" rel=\"noopener\">https:\/\/dialnet.unirioja.es\/<\/a>\u00a0\u00a0Dialnet es uno de los mayores portales bibliogr\u00e1ficos del mundo, cuyo principal cometido es dar mayor\u00a0<strong>visibilidad a la literatura cient\u00edfica hispana. <\/strong>Hay acceso a documento completo en muchos casos.<\/li>\n<li><a href=\"https:\/\/books.google.es\/bkshp?hl=es\" target=\"_blank\" rel=\"noopener\">https:\/\/books.google.es\/bkshp?hl=es<\/a>\u00a0Google Books te permite encontrar libros, algunos de los cuales pueden leerse completamente online. Otros pueden descargarse o comprarse.<\/li>\n<li><a href=\"https:\/\/scholar.google.es\/\" target=\"_blank\" rel=\"noopener\">https:\/\/scholar.google.es\/<\/a> Google Acad\u00e9mico te da acceso a millones de art\u00edculos cient\u00edficos, de casi todas las disciplinas.<\/li>\n<\/ul>\n","protected":false},"excerpt":{"rendered":"<p>Cat\u00e1logos de bibliotecas Cat\u00e1logo online de la red de bibliotecas de Navarra. Busca un recurso en todas las bibliotecas o en la que te interese. Recoge despu\u00e9s el recurso en la biblioteca indicada. Biblioteca de la Universidad P\u00fablica de Navarra.\u00a0Puedes consultar en su cat\u00e1logo y luego trabajar con el recurso all\u00ed. &nbsp; Bases de datos [&hellip;]<\/p>\n","protected":false},"author":1,"featured_media":0,"parent":0,"menu_order":0,"comment_status":"closed","ping_status":"closed","template":"","meta":{"_genesis_hide_title":false,"_genesis_hide_breadcrumbs":false,"_genesis_hide_singular_image":false,"_genesis_hide_footer_widgets":false,"_genesis_custom_body_class":"","_genesis_custom_post_class":"","_genesis_layout":"","footnotes":"","_links_to":"","_links_to_target":""},"class_list":{"0":"post-159","1":"page","2":"type-page","3":"status-publish","5":"entry"},"_links":{"self":[{"href":"https:\/\/iesnavarrovilloslada.educacion.navarra.es\/web\/biblioteca\/wp-json\/wp\/v2\/pages\/159","targetHints":{"allow":["GET"]}}],"collection":[{"href":"https:\/\/iesnavarrovilloslada.educacion.navarra.es\/web\/biblioteca\/wp-json\/wp\/v2\/pages"}],"about":[{"href":"https:\/\/iesnavarrovilloslada.educacion.navarra.es\/web\/biblioteca\/wp-json\/wp\/v2\/types\/page"}],"author":[{"embeddable":true,"href":"https:\/\/iesnavarrovilloslada.educacion.navarra.es\/web\/biblioteca\/wp-json\/wp\/v2\/users\/1"}],"replies":[{"embeddable":true,"href":"https:\/\/iesnavarrovilloslada.educacion.navarra.es\/web\/biblioteca\/wp-json\/wp\/v2\/comments?post=159"}],"version-history":[{"count":1,"href":"https:\/\/iesnavarrovilloslada.educacion.navarra.es\/web\/biblioteca\/wp-json\/wp\/v2\/pages\/159\/revisions"}],"predecessor-version":[{"id":161,"href":"https:\/\/iesnavarrovilloslada.educacion.navarra.es\/web\/biblioteca\/wp-json\/wp\/v2\/pages\/159\/revisions\/161"}],"wp:attachment":[{"href":"https:\/\/iesnavarrovilloslada.educacion.navarra.es\/web\/biblioteca\/wp-json\/wp\/v2\/media?parent=159"}],"curies":[{"name":"wp","href":"https:\/\/api.w.org\/{rel}","templated":true}]}}