{"id":55,"date":"2019-12-23T19:05:10","date_gmt":"2019-12-23T18:05:10","guid":{"rendered":"http:\/\/iesnavarrovilloslada.educacion.navarra.es\/web\/adn\/?page_id=55"},"modified":"2020-02-11T13:51:32","modified_gmt":"2020-02-11T12:51:32","slug":"indice-de-articulos-por-numeros","status":"publish","type":"page","link":"https:\/\/iesnavarrovilloslada.educacion.navarra.es\/web\/adn\/indice-de-articulos-por-numeros\/","title":{"rendered":"\u00cdndice de art\u00edculos por n\u00fameros"},"content":{"rendered":"\n<p>A continuaci\u00f3n se enumeran todos los art\u00edculos de la revista, dispuestos en orden cronol\u00f3gico inverso de publicaci\u00f3n. A continuaci\u00f3n de cada art\u00edculo se muestra la fecha de publicaci\u00f3n y el n\u00famero de la revista al que corresponde.<\/p>\n\n\n<ul class=\"display-posts-listing\"><li class=\"listing-item\"><a class=\"title\" href=\"https:\/\/iesnavarrovilloslada.educacion.navarra.es\/web\/adn\/articulos\/sibaritas-patitos-feos-y-esparragos-por-freir-restos-de-una-antigua-sabiduria-clasica\/\">Sibaritas, patitos feos y esp\u00e1rragos por fre\u00edr, restos de una antigua sabidur\u00eda cl\u00e1sica<\/a> <span class=\"date\">5-06-2025<\/span> <span class=\"category-display\"><span class=\"category-display-label\">- N\u00famero de la revista:<\/span> <a href=\"https:\/\/iesnavarrovilloslada.educacion.navarra.es\/web\/adn\/numeros\/numero-6\/\">N\u00famero 6<\/a><\/span><\/li><li class=\"listing-item\"><a class=\"title\" href=\"https:\/\/iesnavarrovilloslada.educacion.navarra.es\/web\/adn\/articulos\/pomodoro-no-funciona\/\">Pomodoro no funciona<\/a> <span class=\"date\">5-06-2025<\/span> <span class=\"category-display\"><span class=\"category-display-label\">- N\u00famero de la revista:<\/span> <a href=\"https:\/\/iesnavarrovilloslada.educacion.navarra.es\/web\/adn\/numeros\/numero-6\/\">N\u00famero 6<\/a><\/span><\/li><li class=\"listing-item\"><a class=\"title\" href=\"https:\/\/iesnavarrovilloslada.educacion.navarra.es\/web\/adn\/articulos\/un-ingeniero-en-la-antartida\/\">Un ingeniero en la Ant\u00e1rtida<\/a> <span class=\"date\">5-06-2025<\/span> <span class=\"category-display\"><span class=\"category-display-label\">- N\u00famero de la revista:<\/span> <a href=\"https:\/\/iesnavarrovilloslada.educacion.navarra.es\/web\/adn\/numeros\/numero-6\/\">N\u00famero 6<\/a><\/span><\/li><li class=\"listing-item\"><a class=\"title\" href=\"https:\/\/iesnavarrovilloslada.educacion.navarra.es\/web\/adn\/articulos\/otra-de-parecidos-razonables\/\">Otra de parecidos razonables<\/a> <span class=\"date\">5-06-2025<\/span> <span class=\"category-display\"><span class=\"category-display-label\">- N\u00famero de la revista:<\/span> <a href=\"https:\/\/iesnavarrovilloslada.educacion.navarra.es\/web\/adn\/numeros\/numero-6\/\">N\u00famero 6<\/a><\/span><\/li><li class=\"listing-item\"><a class=\"title\" href=\"https:\/\/iesnavarrovilloslada.educacion.navarra.es\/web\/adn\/articulos\/moda-sociedad-y-economia-como-reflejo-de-un-mundo-en-transformacion\/\">Moda, sociedad y econom\u00eda como reflejo de un mundo en transformaci\u00f3n<\/a> <span class=\"date\">5-06-2025<\/span> <span class=\"category-display\"><span class=\"category-display-label\">- N\u00famero de la revista:<\/span> <a href=\"https:\/\/iesnavarrovilloslada.educacion.navarra.es\/web\/adn\/numeros\/numero-6\/\">N\u00famero 6<\/a><\/span><\/li><li class=\"listing-item\"><a class=\"title\" href=\"https:\/\/iesnavarrovilloslada.educacion.navarra.es\/web\/adn\/articulos\/las-transmisiones-que-hicieron-temblar-al-mundo\/\">Las transmisiones que hicieron temblar al mundo<\/a> <span class=\"date\">5-06-2025<\/span> <span class=\"category-display\"><span class=\"category-display-label\">- N\u00famero de la revista:<\/span> <a href=\"https:\/\/iesnavarrovilloslada.educacion.navarra.es\/web\/adn\/numeros\/numero-6\/\">N\u00famero 6<\/a><\/span><\/li><li class=\"listing-item\"><a class=\"title\" href=\"https:\/\/iesnavarrovilloslada.educacion.navarra.es\/web\/adn\/articulos\/el-entramado-de-nuestra-liga-de-debate\/\">El entramado de nuestra Liga de Debate<\/a> <span class=\"date\">5-06-2025<\/span> <span class=\"category-display\"><span class=\"category-display-label\">- N\u00famero de la revista:<\/span> <a href=\"https:\/\/iesnavarrovilloslada.educacion.navarra.es\/web\/adn\/numeros\/numero-6\/\">N\u00famero 6<\/a><\/span><\/li><li class=\"listing-item\"><a class=\"title\" href=\"https:\/\/iesnavarrovilloslada.educacion.navarra.es\/web\/adn\/articulos\/les-francais-si-proches-et-si-differents\/\">Les Fran\u00e7ais, si proches et si diff\u00e9rents<\/a> <span class=\"date\">5-06-2025<\/span> <span class=\"category-display\"><span class=\"category-display-label\">- N\u00famero de la revista:<\/span> <a href=\"https:\/\/iesnavarrovilloslada.educacion.navarra.es\/web\/adn\/numeros\/numero-6\/\">N\u00famero 6<\/a><\/span><\/li><li class=\"listing-item\"><a class=\"title\" href=\"https:\/\/iesnavarrovilloslada.educacion.navarra.es\/web\/adn\/articulos\/hozier-arrasa-en-madrid-con-su-unreal-unearth-tour\/\">Hozier arrasa en Madrid con su Unreal Unearth Tour<\/a> <span class=\"date\">5-06-2025<\/span> <span class=\"category-display\"><span class=\"category-display-label\">- N\u00famero de la revista:<\/span> <a href=\"https:\/\/iesnavarrovilloslada.educacion.navarra.es\/web\/adn\/numeros\/numero-6\/\">N\u00famero 6<\/a><\/span><\/li><li class=\"listing-item\"><a class=\"title\" href=\"https:\/\/iesnavarrovilloslada.educacion.navarra.es\/web\/adn\/articulos\/nuevos-medios-nuevos-divulgadores\/\">Nuevos medios, nuevos divulgadores<\/a> <span class=\"date\">5-06-2025<\/span> <span class=\"category-display\"><span class=\"category-display-label\">- N\u00famero de la revista:<\/span> <a href=\"https:\/\/iesnavarrovilloslada.educacion.navarra.es\/web\/adn\/numeros\/numero-6\/\">N\u00famero 6<\/a><\/span><\/li><li class=\"listing-item\"><a class=\"title\" href=\"https:\/\/iesnavarrovilloslada.educacion.navarra.es\/web\/adn\/articulos\/estados-de-animo-y-musica\/\">Estados de \u00e1nimo y m\u00fasica<\/a> <span class=\"date\">5-06-2025<\/span> <span class=\"category-display\"><span class=\"category-display-label\">- N\u00famero de la revista:<\/span> <a href=\"https:\/\/iesnavarrovilloslada.educacion.navarra.es\/web\/adn\/numeros\/numero-6\/\">N\u00famero 6<\/a><\/span><\/li><li class=\"listing-item\"><a class=\"title\" href=\"https:\/\/iesnavarrovilloslada.educacion.navarra.es\/web\/adn\/articulos\/animaux-qui-parlent\/\">Animaux qui parlent<\/a> <span class=\"date\">5-06-2025<\/span> <span class=\"category-display\"><span class=\"category-display-label\">- N\u00famero de la revista:<\/span> <a href=\"https:\/\/iesnavarrovilloslada.educacion.navarra.es\/web\/adn\/numeros\/numero-6\/\">N\u00famero 6<\/a><\/span><\/li><li class=\"listing-item\"><a class=\"title\" href=\"https:\/\/iesnavarrovilloslada.educacion.navarra.es\/web\/adn\/articulos\/obras-ganadoras-del-certamen-literario-2023-2024\/\">Obras ganadoras del Certamen Literario 2023-2024<\/a> <span class=\"date\">5-06-2025<\/span> <span class=\"category-display\"><span class=\"category-display-label\">- N\u00famero de la revista:<\/span> <a href=\"https:\/\/iesnavarrovilloslada.educacion.navarra.es\/web\/adn\/numeros\/numero-6\/\">N\u00famero 6<\/a><\/span><\/li><li class=\"listing-item\"><a class=\"title\" href=\"https:\/\/iesnavarrovilloslada.educacion.navarra.es\/web\/adn\/articulos\/tradiciones-navidenas\/\">Tradiciones navide\u00f1as<\/a> <span class=\"date\">5-06-2025<\/span> <span class=\"category-display\"><span class=\"category-display-label\">- N\u00famero de la revista:<\/span> <a href=\"https:\/\/iesnavarrovilloslada.educacion.navarra.es\/web\/adn\/numeros\/numero-6\/\">N\u00famero 6<\/a><\/span><\/li><li class=\"listing-item\"><a class=\"title\" href=\"https:\/\/iesnavarrovilloslada.educacion.navarra.es\/web\/adn\/articulos\/saludo-de-bienvenida-al-numero-6-de-la-revista-adn\/\">Saludo de bienvenida al n\u00famero 6 de la revista ADN<\/a> <span class=\"date\">5-06-2025<\/span> <span class=\"category-display\"><span class=\"category-display-label\">- N\u00famero de la revista:<\/span> <a href=\"https:\/\/iesnavarrovilloslada.educacion.navarra.es\/web\/adn\/numeros\/numero-6\/\">N\u00famero 6<\/a><\/span><\/li><li class=\"listing-item\"><a class=\"title\" href=\"https:\/\/iesnavarrovilloslada.educacion.navarra.es\/web\/adn\/articulos\/quientehapreguntadopodcast-1x1-la-vacuna-del-virus-del-papiloma\/\">QuienTeHaPreguntadoPodcast 1\u00d71: la vacuna del virus del papiloma<\/a> <span class=\"date\">25-05-2025<\/span> <span class=\"category-display\"><span class=\"category-display-label\">- N\u00famero de la revista:<\/span> <a href=\"https:\/\/iesnavarrovilloslada.educacion.navarra.es\/web\/adn\/numeros\/numero-6\/\">N\u00famero 6<\/a><\/span><\/li><li class=\"listing-item\"><a class=\"title\" href=\"https:\/\/iesnavarrovilloslada.educacion.navarra.es\/web\/adn\/articulos\/como-salir-de-un-bloqueo-creativo-la-creadora-de-la-nueva-imagen-de-la-revista-adn-nos-lo-explica\/\">\u00bfC\u00f3mo salir de un bloqueo creativo?, la creadora de la nueva imagen de la revista ADN nos lo explica<\/a> <span class=\"date\">25-05-2025<\/span> <span class=\"category-display\"><span class=\"category-display-label\">- N\u00famero de la revista:<\/span> <a href=\"https:\/\/iesnavarrovilloslada.educacion.navarra.es\/web\/adn\/numeros\/numero-6\/\">N\u00famero 6<\/a><\/span><\/li><li class=\"listing-item\"><a class=\"title\" href=\"https:\/\/iesnavarrovilloslada.educacion.navarra.es\/web\/adn\/articulos\/2470\/\">Otros juegos griegos<\/a> <span class=\"date\">25-05-2025<\/span> <span class=\"category-display\"><span class=\"category-display-label\">- N\u00famero de la revista:<\/span> <a href=\"https:\/\/iesnavarrovilloslada.educacion.navarra.es\/web\/adn\/numeros\/numero-6\/\">N\u00famero 6<\/a><\/span><\/li><li class=\"listing-item\"><a class=\"title\" href=\"https:\/\/iesnavarrovilloslada.educacion.navarra.es\/web\/adn\/articulos\/high-school-style\/\">High School Style<\/a> <span class=\"date\">25-05-2025<\/span> <span class=\"category-display\"><span class=\"category-display-label\">- N\u00famero de la revista:<\/span> <a href=\"https:\/\/iesnavarrovilloslada.educacion.navarra.es\/web\/adn\/numeros\/numero-6\/\">N\u00famero 6<\/a><\/span><\/li><li class=\"listing-item\"><a class=\"title\" href=\"https:\/\/iesnavarrovilloslada.educacion.navarra.es\/web\/adn\/articulos\/maitasunaren-gorabeherak\/\">Maitasunaren gorabeherak<\/a> <span class=\"date\">16-05-2024<\/span> <span class=\"category-display\"><span class=\"category-display-label\">- N\u00famero de la revista:<\/span> <a href=\"https:\/\/iesnavarrovilloslada.educacion.navarra.es\/web\/adn\/numeros\/numero-5\/\">N\u00famero 5<\/a><\/span><\/li><li class=\"listing-item\"><a class=\"title\" href=\"https:\/\/iesnavarrovilloslada.educacion.navarra.es\/web\/adn\/articulos\/entrevista-al-director-de-el-mausoleo\/\">Entrevista al director de \u00abEl Mausoleo\u00bb<\/a> <span class=\"date\">16-05-2024<\/span> <span class=\"category-display\"><span class=\"category-display-label\">- N\u00famero de la revista:<\/span> <a href=\"https:\/\/iesnavarrovilloslada.educacion.navarra.es\/web\/adn\/numeros\/numero-5\/\">N\u00famero 5<\/a><\/span><\/li><li class=\"listing-item\"><a class=\"title\" href=\"https:\/\/iesnavarrovilloslada.educacion.navarra.es\/web\/adn\/articulos\/concurso-literario-curso-22-23\/\">CONCURSO LITERARIO<\/a> <span class=\"date\">16-05-2024<\/span> <span class=\"category-display\"><span class=\"category-display-label\">- N\u00famero de la revista:<\/span> <a href=\"https:\/\/iesnavarrovilloslada.educacion.navarra.es\/web\/adn\/numeros\/numero-5\/\">N\u00famero 5<\/a><\/span><\/li><li class=\"listing-item\"><a class=\"title\" href=\"https:\/\/iesnavarrovilloslada.educacion.navarra.es\/web\/adn\/articulos\/los-personajes-de-cervantes-asaltan-nuestras-miserias\/\">\u00abLos personajes de Cervantes asaltan nuestras miserias\u00bb<\/a> <span class=\"date\">16-05-2024<\/span> <span class=\"category-display\"><span class=\"category-display-label\">- N\u00famero de la revista:<\/span> <a href=\"https:\/\/iesnavarrovilloslada.educacion.navarra.es\/web\/adn\/numeros\/numero-5\/\">N\u00famero 5<\/a><\/span><\/li><li class=\"listing-item\"><a class=\"title\" href=\"https:\/\/iesnavarrovilloslada.educacion.navarra.es\/web\/adn\/articulos\/concierto-de-quevedo-chutes-de-energia\/\">Concierto de Quevedo: chutes de energ\u00eda<\/a> <span class=\"date\">16-05-2024<\/span> <span class=\"category-display\"><span class=\"category-display-label\">- N\u00famero de la revista:<\/span> <a href=\"https:\/\/iesnavarrovilloslada.educacion.navarra.es\/web\/adn\/numeros\/numero-5\/\">N\u00famero 5<\/a><\/span><\/li><li class=\"listing-item\"><a class=\"title\" href=\"https:\/\/iesnavarrovilloslada.educacion.navarra.es\/web\/adn\/articulos\/proyecto-oteiza\/\">Proyecto Oteiza<\/a> <span class=\"date\">16-05-2024<\/span> <span class=\"category-display\"><span class=\"category-display-label\">- N\u00famero de la revista:<\/span> <a href=\"https:\/\/iesnavarrovilloslada.educacion.navarra.es\/web\/adn\/numeros\/numero-5\/\">N\u00famero 5<\/a><\/span><\/li><li class=\"listing-item\"><a class=\"title\" href=\"https:\/\/iesnavarrovilloslada.educacion.navarra.es\/web\/adn\/articulos\/un-asunto-real\/\">Un asunto real<\/a> <span class=\"date\">16-05-2024<\/span> <span class=\"category-display\"><span class=\"category-display-label\">- N\u00famero de la revista:<\/span> <a href=\"https:\/\/iesnavarrovilloslada.educacion.navarra.es\/web\/adn\/numeros\/numero-5\/\">N\u00famero 5<\/a><\/span><\/li><li class=\"listing-item\"><a class=\"title\" href=\"https:\/\/iesnavarrovilloslada.educacion.navarra.es\/web\/adn\/articulos\/los-lectores-y-don-quijote\/\">Los lectores y Don Quijote<\/a> <span class=\"date\">16-05-2024<\/span> <span class=\"category-display\"><span class=\"category-display-label\">- N\u00famero de la revista:<\/span> <a href=\"https:\/\/iesnavarrovilloslada.educacion.navarra.es\/web\/adn\/numeros\/numero-5\/\">N\u00famero 5<\/a><\/span><\/li><li class=\"listing-item\"><a class=\"title\" href=\"https:\/\/iesnavarrovilloslada.educacion.navarra.es\/web\/adn\/articulos\/aprender-a-ver-senales-y-acompanar-sin-juzgar-claves-para-cuidar-de-la-salud-mental\/\">Aprender a ver se\u00f1ales y acompa\u00f1ar sin juzgar, claves para cuidar de la salud mental.<\/a> <span class=\"date\">15-05-2024<\/span> <span class=\"category-display\"><span class=\"category-display-label\">- N\u00famero de la revista:<\/span> <a href=\"https:\/\/iesnavarrovilloslada.educacion.navarra.es\/web\/adn\/numeros\/numero-5\/\">N\u00famero 5<\/a><\/span><\/li><li class=\"listing-item\"><a class=\"title\" href=\"https:\/\/iesnavarrovilloslada.educacion.navarra.es\/web\/adn\/articulos\/manual-para-suspender-con-chatgpt\/\">Manual para suspender con ChatGpt<\/a> <span class=\"date\">15-05-2024<\/span> <span class=\"category-display\"><span class=\"category-display-label\">- N\u00famero de la revista:<\/span> <a href=\"https:\/\/iesnavarrovilloslada.educacion.navarra.es\/web\/adn\/numeros\/numero-5\/\">N\u00famero 5<\/a><\/span><\/li><li class=\"listing-item\"><a class=\"title\" href=\"https:\/\/iesnavarrovilloslada.educacion.navarra.es\/web\/adn\/articulos\/casi-un-cuarto-de-siglo-en-el-navarro-mila\/\">Casi un cuarto de siglo en el Navarro: Mila<\/a> <span class=\"date\">15-05-2024<\/span> <span class=\"category-display\"><span class=\"category-display-label\">- N\u00famero de la revista:<\/span> <a href=\"https:\/\/iesnavarrovilloslada.educacion.navarra.es\/web\/adn\/numeros\/numero-5\/\">N\u00famero 5<\/a><\/span><\/li><\/ul>\n\n\n\n<p><\/p>\n","protected":false},"excerpt":{"rendered":"<p>A continuaci\u00f3n se enumeran todos los art\u00edculos de la revista, dispuestos en orden cronol\u00f3gico inverso de publicaci\u00f3n. A continuaci\u00f3n de cada art\u00edculo se muestra la fecha de publicaci\u00f3n y el n\u00famero de la revista al que corresponde.<\/p>\n","protected":false},"author":12,"featured_media":0,"parent":0,"menu_order":0,"comment_status":"closed","ping_status":"closed","template":"","meta":{"_genesis_hide_title":false,"_genesis_hide_breadcrumbs":false,"_genesis_hide_singular_image":false,"_genesis_hide_footer_widgets":false,"_genesis_custom_body_class":"","_genesis_custom_post_class":"","_genesis_layout":"","footnotes":"","_links_to":"","_links_to_target":""},"class_list":{"0":"post-55","1":"page","2":"type-page","3":"status-publish","5":"entry","6":"has-post-thumbnail"},"_links":{"self":[{"href":"https:\/\/iesnavarrovilloslada.educacion.navarra.es\/web\/adn\/wp-json\/wp\/v2\/pages\/55","targetHints":{"allow":["GET"]}}],"collection":[{"href":"https:\/\/iesnavarrovilloslada.educacion.navarra.es\/web\/adn\/wp-json\/wp\/v2\/pages"}],"about":[{"href":"https:\/\/iesnavarrovilloslada.educacion.navarra.es\/web\/adn\/wp-json\/wp\/v2\/types\/page"}],"author":[{"embeddable":true,"href":"https:\/\/iesnavarrovilloslada.educacion.navarra.es\/web\/adn\/wp-json\/wp\/v2\/users\/12"}],"replies":[{"embeddable":true,"href":"https:\/\/iesnavarrovilloslada.educacion.navarra.es\/web\/adn\/wp-json\/wp\/v2\/comments?post=55"}],"version-history":[{"count":25,"href":"https:\/\/iesnavarrovilloslada.educacion.navarra.es\/web\/adn\/wp-json\/wp\/v2\/pages\/55\/revisions"}],"predecessor-version":[{"id":541,"href":"https:\/\/iesnavarrovilloslada.educacion.navarra.es\/web\/adn\/wp-json\/wp\/v2\/pages\/55\/revisions\/541"}],"wp:attachment":[{"href":"https:\/\/iesnavarrovilloslada.educacion.navarra.es\/web\/adn\/wp-json\/wp\/v2\/media?parent=55"}],"curies":[{"name":"wp","href":"https:\/\/api.w.org\/{rel}","templated":true}]}}