{"id":545,"date":"2020-02-11T14:04:41","date_gmt":"2020-02-11T13:04:41","guid":{"rendered":"https:\/\/iesnavarrovilloslada.educacion.navarra.es\/web\/adn\/?page_id=545"},"modified":"2024-05-22T07:51:52","modified_gmt":"2024-05-22T05:51:52","slug":"saludo-del-director","status":"publish","type":"page","link":"https:\/\/iesnavarrovilloslada.educacion.navarra.es\/web\/adn\/saludo-del-director\/","title":{"rendered":"Saludo del Director"},"content":{"rendered":"\n<p>Llegamos al n\u00famero 5 de nuestra revista y podemos decir que el proyecto que ten\u00edamos en sus or\u00edgenes se va consolidando. Aspir\u00e1bamos a que, con el apoyo del profesorado, la revista fuera elaborada totalmente por el alumnado: y lo estamos consiguiendo. \u00a1Enhorabuena, equipo!<\/p>\n\n\n\n<p><br>La revista viene cargada de contenidos interesantes: arte, cine, literatura, entrevistas, experiencias variadas&#8230; <\/p>\n\n\n\n<p>Disfrutad de este nuevo n\u00famero de la revista y no dud\u00e9is en animaros para enviar contribuciones para los siguientes n\u00fameros. Recordadlo: esta revista es ADN, la revista del Alumnado Del Navarro. <\/p>\n\n\n\n<p>Gabriel Rubio<\/p>\n\n\n\n<p>Director IES Navarro Villoslada<\/p>\n\n\n\n<figure class=\"wp-block-gallery has-nested-images columns-default is-cropped wp-block-gallery-1 is-layout-flex wp-block-gallery-is-layout-flex\">\n<figure class=\"wp-block-image size-large\"><img fetchpriority=\"high\" decoding=\"async\" width=\"724\" height=\"1024\" data-id=\"187\" src=\"https:\/\/iesnavarrovilloslada.educacion.navarra.es\/web\/adn\/wp-content\/uploads\/sites\/4\/2020\/01\/Vaguada96-724x1024.jpg\" alt=\"\" class=\"wp-image-187\" srcset=\"https:\/\/iesnavarrovilloslada.educacion.navarra.es\/web\/adn\/wp-content\/uploads\/sites\/4\/2020\/01\/Vaguada96-724x1024.jpg 724w, https:\/\/iesnavarrovilloslada.educacion.navarra.es\/web\/adn\/wp-content\/uploads\/sites\/4\/2020\/01\/Vaguada96-212x300.jpg 212w, https:\/\/iesnavarrovilloslada.educacion.navarra.es\/web\/adn\/wp-content\/uploads\/sites\/4\/2020\/01\/Vaguada96-768x1086.jpg 768w, https:\/\/iesnavarrovilloslada.educacion.navarra.es\/web\/adn\/wp-content\/uploads\/sites\/4\/2020\/01\/Vaguada96-1086x1536.jpg 1086w, https:\/\/iesnavarrovilloslada.educacion.navarra.es\/web\/adn\/wp-content\/uploads\/sites\/4\/2020\/01\/Vaguada96.jpg 1200w\" sizes=\"(max-width: 724px) 100vw, 724px\" \/><figcaption class=\"wp-element-caption\">Revistas anteriores<\/figcaption><\/figure>\n\n\n\n<figure class=\"wp-block-image size-large\"><img decoding=\"async\" width=\"724\" height=\"1024\" data-id=\"186\" src=\"https:\/\/iesnavarrovilloslada.educacion.navarra.es\/web\/adn\/wp-content\/uploads\/sites\/4\/2020\/01\/Vaguada2004-724x1024.jpg\" alt=\"\" class=\"wp-image-186\" srcset=\"https:\/\/iesnavarrovilloslada.educacion.navarra.es\/web\/adn\/wp-content\/uploads\/sites\/4\/2020\/01\/Vaguada2004-724x1024.jpg 724w, https:\/\/iesnavarrovilloslada.educacion.navarra.es\/web\/adn\/wp-content\/uploads\/sites\/4\/2020\/01\/Vaguada2004-212x300.jpg 212w, https:\/\/iesnavarrovilloslada.educacion.navarra.es\/web\/adn\/wp-content\/uploads\/sites\/4\/2020\/01\/Vaguada2004-768x1086.jpg 768w, https:\/\/iesnavarrovilloslada.educacion.navarra.es\/web\/adn\/wp-content\/uploads\/sites\/4\/2020\/01\/Vaguada2004-1086x1536.jpg 1086w, https:\/\/iesnavarrovilloslada.educacion.navarra.es\/web\/adn\/wp-content\/uploads\/sites\/4\/2020\/01\/Vaguada2004.jpg 1200w\" sizes=\"(max-width: 724px) 100vw, 724px\" \/><figcaption class=\"wp-element-caption\">Revistas anteriores<\/figcaption><\/figure>\n\n\n\n<figure class=\"wp-block-image size-large\"><img decoding=\"async\" width=\"724\" height=\"1024\" data-id=\"185\" src=\"https:\/\/iesnavarrovilloslada.educacion.navarra.es\/web\/adn\/wp-content\/uploads\/sites\/4\/2020\/01\/Vaguada98-724x1024.jpg\" alt=\"\" class=\"wp-image-185\" srcset=\"https:\/\/iesnavarrovilloslada.educacion.navarra.es\/web\/adn\/wp-content\/uploads\/sites\/4\/2020\/01\/Vaguada98-724x1024.jpg 724w, https:\/\/iesnavarrovilloslada.educacion.navarra.es\/web\/adn\/wp-content\/uploads\/sites\/4\/2020\/01\/Vaguada98-212x300.jpg 212w, https:\/\/iesnavarrovilloslada.educacion.navarra.es\/web\/adn\/wp-content\/uploads\/sites\/4\/2020\/01\/Vaguada98-768x1086.jpg 768w, https:\/\/iesnavarrovilloslada.educacion.navarra.es\/web\/adn\/wp-content\/uploads\/sites\/4\/2020\/01\/Vaguada98-1086x1536.jpg 1086w, https:\/\/iesnavarrovilloslada.educacion.navarra.es\/web\/adn\/wp-content\/uploads\/sites\/4\/2020\/01\/Vaguada98.jpg 1200w\" sizes=\"(max-width: 724px) 100vw, 724px\" \/><figcaption class=\"wp-element-caption\">Revistas anteriores<\/figcaption><\/figure>\n\n\n\n<figure class=\"wp-block-image size-large\"><img loading=\"lazy\" decoding=\"async\" width=\"724\" height=\"1024\" data-id=\"184\" src=\"https:\/\/iesnavarrovilloslada.educacion.navarra.es\/web\/adn\/wp-content\/uploads\/sites\/4\/2020\/01\/0362_001-724x1024.jpg\" alt=\"\" class=\"wp-image-184\" srcset=\"https:\/\/iesnavarrovilloslada.educacion.navarra.es\/web\/adn\/wp-content\/uploads\/sites\/4\/2020\/01\/0362_001-724x1024.jpg 724w, https:\/\/iesnavarrovilloslada.educacion.navarra.es\/web\/adn\/wp-content\/uploads\/sites\/4\/2020\/01\/0362_001-212x300.jpg 212w, https:\/\/iesnavarrovilloslada.educacion.navarra.es\/web\/adn\/wp-content\/uploads\/sites\/4\/2020\/01\/0362_001-768x1087.jpg 768w, https:\/\/iesnavarrovilloslada.educacion.navarra.es\/web\/adn\/wp-content\/uploads\/sites\/4\/2020\/01\/0362_001-1086x1536.jpg 1086w, https:\/\/iesnavarrovilloslada.educacion.navarra.es\/web\/adn\/wp-content\/uploads\/sites\/4\/2020\/01\/0362_001-1448x2048.jpg 1448w, https:\/\/iesnavarrovilloslada.educacion.navarra.es\/web\/adn\/wp-content\/uploads\/sites\/4\/2020\/01\/0362_001.jpg 1753w\" sizes=\"(max-width: 724px) 100vw, 724px\" \/><figcaption class=\"wp-element-caption\">Revistas anteriores<\/figcaption><\/figure>\n\n\n\n<figure class=\"wp-block-image size-large\"><img loading=\"lazy\" decoding=\"async\" width=\"724\" height=\"1024\" data-id=\"183\" src=\"https:\/\/iesnavarrovilloslada.educacion.navarra.es\/web\/adn\/wp-content\/uploads\/sites\/4\/2020\/01\/0363_001-724x1024.jpg\" alt=\"\" class=\"wp-image-183\" srcset=\"https:\/\/iesnavarrovilloslada.educacion.navarra.es\/web\/adn\/wp-content\/uploads\/sites\/4\/2020\/01\/0363_001-724x1024.jpg 724w, https:\/\/iesnavarrovilloslada.educacion.navarra.es\/web\/adn\/wp-content\/uploads\/sites\/4\/2020\/01\/0363_001-212x300.jpg 212w, https:\/\/iesnavarrovilloslada.educacion.navarra.es\/web\/adn\/wp-content\/uploads\/sites\/4\/2020\/01\/0363_001-768x1087.jpg 768w, https:\/\/iesnavarrovilloslada.educacion.navarra.es\/web\/adn\/wp-content\/uploads\/sites\/4\/2020\/01\/0363_001-1086x1536.jpg 1086w, https:\/\/iesnavarrovilloslada.educacion.navarra.es\/web\/adn\/wp-content\/uploads\/sites\/4\/2020\/01\/0363_001-1448x2048.jpg 1448w, https:\/\/iesnavarrovilloslada.educacion.navarra.es\/web\/adn\/wp-content\/uploads\/sites\/4\/2020\/01\/0363_001.jpg 1753w\" sizes=\"(max-width: 724px) 100vw, 724px\" \/><figcaption class=\"wp-element-caption\">Revistas anteriores<\/figcaption><\/figure>\n\n\n\n<figure class=\"wp-block-image size-large\"><img loading=\"lazy\" decoding=\"async\" width=\"724\" height=\"1024\" data-id=\"182\" src=\"https:\/\/iesnavarrovilloslada.educacion.navarra.es\/web\/adn\/wp-content\/uploads\/sites\/4\/2020\/01\/0364_001-724x1024.jpg\" alt=\"\" class=\"wp-image-182\" srcset=\"https:\/\/iesnavarrovilloslada.educacion.navarra.es\/web\/adn\/wp-content\/uploads\/sites\/4\/2020\/01\/0364_001-724x1024.jpg 724w, https:\/\/iesnavarrovilloslada.educacion.navarra.es\/web\/adn\/wp-content\/uploads\/sites\/4\/2020\/01\/0364_001-212x300.jpg 212w, https:\/\/iesnavarrovilloslada.educacion.navarra.es\/web\/adn\/wp-content\/uploads\/sites\/4\/2020\/01\/0364_001-768x1087.jpg 768w, https:\/\/iesnavarrovilloslada.educacion.navarra.es\/web\/adn\/wp-content\/uploads\/sites\/4\/2020\/01\/0364_001-1086x1536.jpg 1086w, https:\/\/iesnavarrovilloslada.educacion.navarra.es\/web\/adn\/wp-content\/uploads\/sites\/4\/2020\/01\/0364_001-1448x2048.jpg 1448w, https:\/\/iesnavarrovilloslada.educacion.navarra.es\/web\/adn\/wp-content\/uploads\/sites\/4\/2020\/01\/0364_001.jpg 1753w\" sizes=\"(max-width: 724px) 100vw, 724px\" \/><figcaption class=\"wp-element-caption\">Revistas anteriores<\/figcaption><\/figure>\n<\/figure>\n\n\n\n<p><br><\/p>\n","protected":false},"excerpt":{"rendered":"<p>Llegamos al n\u00famero 5 de nuestra revista y podemos decir que el proyecto que ten\u00edamos en sus or\u00edgenes se va consolidando. Aspir\u00e1bamos a que, con el apoyo del profesorado, la revista fuera elaborada totalmente por el alumnado: y lo estamos consiguiendo. \u00a1Enhorabuena, equipo! La revista viene cargada de contenidos interesantes: arte, cine, literatura, entrevistas, experiencias [&hellip;]<\/p>\n","protected":false},"author":1,"featured_media":0,"parent":0,"menu_order":0,"comment_status":"closed","ping_status":"closed","template":"","meta":{"_genesis_hide_title":false,"_genesis_hide_breadcrumbs":false,"_genesis_hide_singular_image":false,"_genesis_hide_footer_widgets":false,"_genesis_custom_body_class":"","_genesis_custom_post_class":"","_genesis_layout":"","footnotes":"","_links_to":"","_links_to_target":""},"class_list":{"0":"post-545","1":"page","2":"type-page","3":"status-publish","5":"entry"},"_links":{"self":[{"href":"https:\/\/iesnavarrovilloslada.educacion.navarra.es\/web\/adn\/wp-json\/wp\/v2\/pages\/545","targetHints":{"allow":["GET"]}}],"collection":[{"href":"https:\/\/iesnavarrovilloslada.educacion.navarra.es\/web\/adn\/wp-json\/wp\/v2\/pages"}],"about":[{"href":"https:\/\/iesnavarrovilloslada.educacion.navarra.es\/web\/adn\/wp-json\/wp\/v2\/types\/page"}],"author":[{"embeddable":true,"href":"https:\/\/iesnavarrovilloslada.educacion.navarra.es\/web\/adn\/wp-json\/wp\/v2\/users\/1"}],"replies":[{"embeddable":true,"href":"https:\/\/iesnavarrovilloslada.educacion.navarra.es\/web\/adn\/wp-json\/wp\/v2\/comments?post=545"}],"version-history":[{"count":6,"href":"https:\/\/iesnavarrovilloslada.educacion.navarra.es\/web\/adn\/wp-json\/wp\/v2\/pages\/545\/revisions"}],"predecessor-version":[{"id":2297,"href":"https:\/\/iesnavarrovilloslada.educacion.navarra.es\/web\/adn\/wp-json\/wp\/v2\/pages\/545\/revisions\/2297"}],"wp:attachment":[{"href":"https:\/\/iesnavarrovilloslada.educacion.navarra.es\/web\/adn\/wp-json\/wp\/v2\/media?parent=545"}],"curies":[{"name":"wp","href":"https:\/\/api.w.org\/{rel}","templated":true}]}}